{"id":105,"date":"2021-02-21T16:22:06","date_gmt":"2021-02-21T15:22:06","guid":{"rendered":"https:\/\/eglise-orthodoxe-autocephale-syro-antiochienne.eu\/?page_id=105"},"modified":"2021-03-02T13:13:33","modified_gmt":"2021-03-02T12:13:33","slug":"ques-ce-que-le-bapteme-orthodoxe","status":"publish","type":"page","link":"https:\/\/eglise-orthodoxe-autocephale-syro-antiochienne.eu\/?page_id=105","title":{"rendered":"QU&rsquo;ES CE QUE LE BAPT\u00caME ORTHODOXE"},"content":{"rendered":"\n<p>Les Eglises orthodoxes ont garde la pratique ancienne qui consiste a baptiser, confirmer et donner l&rsquo;Eucharistie le m\u00eame jour, qu&rsquo;il s&rsquo;agisse d&rsquo;un adulte ou d&rsquo;un petit enfant.<br>C&rsquo;est le pr\u00eatre qui donne les deux sacrements.<br>Dans la pratique ancienne, qui est celle des Eglises orthodoxes actuelles, on insiste avant tout sur le don de Dieu. <br>Enfant ou adulte, le confirme re\u00e7oit l&rsquo;esprit du Christ, qui va l\u2019impr\u00e9gner et lui donner la lumi\u00e8re dans la foi, g\u00e9n\u00e9rosit\u00e9 dans l&rsquo;amour, force dans le t\u00e9moignage.<br>C&rsquo; est pourquoi la confirmation est donne aussit\u00f4t apr\u00e8s le bapt\u00eame.<\/p>\n","protected":false},"excerpt":{"rendered":"<p>Les Eglises orthodoxes ont garde la pratique ancienne qui consiste a baptiser, confirmer et donner l&rsquo;Eucharistie le m\u00eame jour, qu&rsquo;il s&rsquo;agisse d&rsquo;un adulte ou d&rsquo;un petit enfant.C&rsquo;est le pr\u00eatre qui donne les deux sacrements.Dans la pratique ancienne, qui est celle des Eglises orthodoxes actuelles, on insiste avant tout sur le don de Dieu. Enfant ou &hellip; <\/p>\n<p class=\"link-more\"><a href=\"https:\/\/eglise-orthodoxe-autocephale-syro-antiochienne.eu\/?page_id=105\" class=\"more-link\">Continuer la lecture<span class=\"screen-reader-text\"> de &laquo;&nbsp;QU&rsquo;ES CE QUE LE BAPT\u00caME ORTHODOXE&nbsp;&raquo;<\/span><\/a><\/p>\n","protected":false},"author":2,"featured_media":0,"parent":0,"menu_order":0,"comment_status":"closed","ping_status":"closed","template":"","meta":{"footnotes":""},"class_list":["post-105","page","type-page","status-publish","hentry"],"_links":{"self":[{"href":"https:\/\/eglise-orthodoxe-autocephale-syro-antiochienne.eu\/index.php?rest_route=\/wp\/v2\/pages\/105","targetHints":{"allow":["GET"]}}],"collection":[{"href":"https:\/\/eglise-orthodoxe-autocephale-syro-antiochienne.eu\/index.php?rest_route=\/wp\/v2\/pages"}],"about":[{"href":"https:\/\/eglise-orthodoxe-autocephale-syro-antiochienne.eu\/index.php?rest_route=\/wp\/v2\/types\/page"}],"author":[{"embeddable":true,"href":"https:\/\/eglise-orthodoxe-autocephale-syro-antiochienne.eu\/index.php?rest_route=\/wp\/v2\/users\/2"}],"replies":[{"embeddable":true,"href":"https:\/\/eglise-orthodoxe-autocephale-syro-antiochienne.eu\/index.php?rest_route=%2Fwp%2Fv2%2Fcomments&post=105"}],"version-history":[{"count":2,"href":"https:\/\/eglise-orthodoxe-autocephale-syro-antiochienne.eu\/index.php?rest_route=\/wp\/v2\/pages\/105\/revisions"}],"predecessor-version":[{"id":177,"href":"https:\/\/eglise-orthodoxe-autocephale-syro-antiochienne.eu\/index.php?rest_route=\/wp\/v2\/pages\/105\/revisions\/177"}],"wp:attachment":[{"href":"https:\/\/eglise-orthodoxe-autocephale-syro-antiochienne.eu\/index.php?rest_route=%2Fwp%2Fv2%2Fmedia&parent=105"}],"curies":[{"name":"wp","href":"https:\/\/api.w.org\/{rel}","templated":true}]}}