{"id":107,"date":"2021-02-21T16:23:24","date_gmt":"2021-02-21T15:23:24","guid":{"rendered":"https:\/\/eglise-orthodoxe-autocephale-syro-antiochienne.eu\/?page_id=107"},"modified":"2021-11-04T13:10:49","modified_gmt":"2021-11-04T12:10:49","slug":"ques-ce-que-leucharistie-chez-les-orthodoxes","status":"publish","type":"page","link":"https:\/\/eglise-orthodoxe-autocephale-syro-antiochienne.eu\/?page_id=107","title":{"rendered":"QU&rsquo;ES CE QUE L&rsquo;EUCHARISTIE CHEZ LES ORTHODOXES"},"content":{"rendered":"\n<p>Les orthodoxes ont la m\u00eame foi eucharistique que les catholiques.<br>Les grandes pri\u00e8res eucharistiques de Saint Basile ou Saint Jean Chrysostome (P\u00e8res d&rsquo;Orient du 4\u00b0s) sont parmi les plus belles.<br>La liturgie orthodoxe se veut\u00ab c\u00e9leste \u00bb, en lien avec le c\u0153ur des anges et des saints. <br>Cela s&rsquo;exprime par la beaut\u00e9 des chants; par l&rsquo;iconostase (mur d\u2019Ic\u00f4nes s\u00e9parant les fid\u00e8les de l&rsquo;autel, dont on ferme la porte au moment de la cons\u00e9cration) ; par certains rites, comme celui (Grec) qui consiste a tremper des parcelles de pain (symbolisant les vivants et les morts pour qui I&rsquo; on veut prier) dans le vin cons acre (le sang de l&rsquo;agneau qui transfigure toute vie).<br>Aujourd&rsquo;hui, les catholiques peuvent communier chez les orthodoxes dans leurs r\u00e9gions ou il n&rsquo;y pas de messe catholique et r\u00e9ciproquement.<\/p>\n\n\n\n<p><strong>LA SAINTE LITURGIE ( ou Messe chez les Catholiques)<\/strong><br>Le myst\u00e8re de la tr\u00e8s Sainte Eucharistie institu\u00e9 par le Grand Pr\u00eatre, J\u00e9sus-Christ, et renouvel\u00e9e sans cesse selon sa volont\u00e9, par le minist\u00e8re de ses pr\u00eatres est comme la somme et le centre de la religion chr\u00e9tienne, le sommet de la liturgie.<br><strong>PARTICIPANT DES FID\u00c8LES A LA SAINTE LITURGIE<\/strong><br>Il est n\u00e9cessaire que tous les fid\u00e8les consid\u00e8rent de leur devoir et supr\u00eame dignit\u00e9, de participer au Sacrifice Eucharistique, non d&rsquo;une assistance passive, n\u00e9gligente et distraite, mais ardente et pleine de ferveur pour \u00eatre en contact intime avec le Grand Pr\u00eatre, J\u00e9sus-Christ, offrant avec Lui et par Lui et sanctifiant avec Lui. \u00a0\u00bb Ayez en vous les m\u00eames sentiments qui furent en J\u00e9sus-Christ \u00a0\u00bb, disait l&rsquo;Ap\u00f4tre.<br>Ainsi, les fid\u00e8les ne se contentent pas de participer au Sacrifice Eucharistique dans l&rsquo;intention g\u00e9n\u00e9rale qui convient aux membres du Christ et fils de l&rsquo;Eglise ; mais ils s&rsquo;unissent librement et intimement au Pr\u00eatre \u00e9ternel et \u00e0 son minist\u00e8re sur terre (le pr\u00eatre c\u00e9l\u00e9brant) selon l&rsquo;esprit de la Liturgie Sacr\u00e9e.<br>Ils s&rsquo;unissent au Christ, de toute leur \u00e2me, \u00e0 la Cons\u00e9cration de la Sainte Eucharistie ( Sainte Hostie chez les catholiques) qu&rsquo;ils offrent avec Lui au momento sublime o\u00f9 c\u00e9l\u00e9brant dit ces paroles ;<br><strong>Chez les orthodoxes dit ;<\/strong><br>\u00a0\u00bb Ce qui est \u00e0 toi, et qui vient de toi, nous te l&rsquo;offrons en tout et pour tout. \u00a0\u00bb<br><strong>Chez les catholiques dit ;<\/strong><br>\u00a0\u00bb Par Lui, avec Lui et en Lui, que tout honneur et toute Gloire soient rendus \u00e0 vous, Dieu le P\u00e8re tout-puissant, en l&rsquo;unit\u00e9 du Saint-Esprit, dans les si\u00e8cles des si\u00e8cles. \u00a0\u00bb<br>Que les chr\u00e9tiens n&rsquo;oublient pas de s&rsquo;offrir avec le Divin Crucifi\u00e9, leurs mis\u00e8res, leurs angoisses, leurs souffrances et leurs besoins.<\/p>\n\n\n\n<p><br>HOLY LITURGY (or Mass among Catholics)<br>The mystery of the Most Holy Eucharist instituted by the High Priest, Jesus Christ, and renewed unceasingly according to his will, by the ministry of his priests is like the sum and the center of the Christian religion, the summit of the liturgy.<br>PARTICIPATING FAITHFUL IN HOLY LITURGY<br>It is necessary that all the faithful consider their duty and supreme dignity, to participate in the Eucharistic Sacrifice, not a passive, careless and distracted, but ardent and full of fervor to be in close contact with the High Priest, Jesus Christ. Christ, offering with Him and through Him and sanctifying with Him. \u00ab\u00a0Have in you the same feelings that were in Jesus Christ,\u00a0\u00bb said the Apostle.<br>Thus, the faithful are not content to participate in the Eucharistic Sacrifice in the general intention that suits the members of Christ and son of the Church; but they unite freely and intimately with the eternal Priest and his ministry on earth (the priest celebrating) according to the spirit of the Sacred Liturgy.<br>They unite themselves to Christ, with all their souls, to the Consecration of the Holy Eucharist (Holy Host among the Catholics) that they offer with Him at the sublime moment when celebrating said these words;<br>At the Orthodox says;<br>\u00ab\u00a0What is yours, and which comes from you, we offer it to you in everything and for everything. \u00a0\u00bb<br>In Catholics said;<br>Through Him, with Him and in Him, may all honor and glory be given to you, God Almighty Father, in the unity of the Holy Spirit, for ever and ever. \u00a0\u00bb<br>Christians should not forget to offer themselves with the Divine Crucified, their miseries, their anxieties, their sufferings and their needs.<br>SANTA LITURGIA (o messa tra cattolici)<br>Il mistero della Santissima Eucaristia istituita dal Sommo Sacerdote, Ges\u00f9 Cristo, e costantemente rinnovato secondo la sua volont\u00e0, da parte del ministero dei suoi sacerdoti \u00e8 come la somma e il centro della religione cristiana, il vertice della liturgia.<br>FEDELI PARTECIPANTI ALLA LITURGIA SACRA<br>E &lsquo;necessario che i fedeli considerano il loro dovere e suprema dignit\u00e0, per partecipare al sacrificio eucaristico, non assistenza passiva, negligente e distratto, ma di fuoco e pieno di fervore di essere in contatto intimo con il Sommo Sacerdote, Ges\u00f9 Cristo, offrendo con Lui e per mezzo di Lui e santificando con Lui. \u00ab\u00a0Hai in te gli stessi sentimenti che erano in Ges\u00f9 Cristo\u00a0\u00bb, disse l&rsquo;Apostolo.<br>Cos\u00ec, i fedeli non solo partecipare al sacrificio eucaristico nella intenzione generale che si adatta alle membra di Cristo e figlio della Chiesa; ma liberamente e intimamente uniti al sacerdote eterno e il suo ministero sulla terra (il celebrante) nello spirito della sacra liturgia.<br>Essi sono uniti a Cristo, con tutta l&rsquo;anima, nella consacrazione della Santa Eucaristia (Santa Eucaristia tra i cattolici) offrono con Lui in Momento sublime in cui celebrante dice queste parole;<br>All&rsquo;ortodosso dice;<br>\u00ab\u00a0Ci\u00f2 che \u00e8 tuo, e che viene da te, te lo offriamo in tutto e per tutto. \u00a0\u00bb<br>In cattolici ha detto;<br>\u00a0\u00bb In Lui, con Lui e in Lui ogni onore e gloria essere restituiti a te, Dio Padre onnipotente, nell&rsquo;unit\u00e0 dello Spirito Santo, nei secoli dei secoli. \u00a0\u00bb<br>I cristiani non dovrebbero dimenticare di offrire se stessi con il divino Crocifisso, le loro miserie, le loro ansie, le loro sofferenze e i loro bisogni.<\/p>\n\n\n\n<p><br>\u0421\u0412\u042f\u0422\u0410\u042f \u041b\u0418\u0422\u0423\u0420\u0413\u0418\u042f (\u0438\u043b\u0438 \u041c\u0435\u0441\u0441\u0430 \u0441\u0440\u0435\u0434\u0438 \u043a\u0430\u0442\u043e\u043b\u0438\u043a\u043e\u0432)<br>\u0422\u0430\u0439\u043d\u0430 \u041f\u0440\u0435\u0441\u0432\u044f\u0442\u043e\u0439 \u0415\u0432\u0445\u0430\u0440\u0438\u0441\u0442\u0438\u0438, \u0443\u0447\u0440\u0435\u0436\u0434\u0435\u043d\u043d\u043e\u0439 \u041f\u0435\u0440\u0432\u043e\u0441\u0432\u044f\u0449\u0435\u043d\u043d\u0438\u043a\u0430 \u0418\u0438\u0441\u0443\u0441\u0430 \u0425\u0440\u0438\u0441\u0442\u0430, \u0438 \u043f\u043e\u0441\u0442\u043e\u044f\u043d\u043d\u043e \u043e\u0431\u043d\u043e\u0432\u043b\u044f\u0435\u0442\u0441\u044f \u0432 \u0441\u043e\u043e\u0442\u0432\u0435\u0442\u0441\u0442\u0432\u0438\u0438 \u0441 \u0435\u0433\u043e \u0432\u043e\u043b\u0435\u0439, \u043f\u043e \u0441\u043b\u0443\u0436\u0435\u043d\u0438\u0435 \u0441\u0432\u044f\u0449\u0435\u043d\u043d\u0438\u043a\u043e\u0432 \u0435\u0433\u043e, \u043a\u0430\u043a \u0441\u0443\u043c\u043c\u0430 \u0438 \u0446\u0435\u043d\u0442\u0440\u043e\u043c \u0445\u0440\u0438\u0441\u0442\u0438\u0430\u043d\u0441\u043a\u043e\u0439 \u0440\u0435\u043b\u0438\u0433\u0438\u0438, \u043d\u0430 \u0432\u044b\u0441\u0448\u0435\u043c \u0443\u0440\u043e\u0432\u043d\u0435 \u043b\u0438\u0442\u0443\u0440\u0433\u0438\u0438.<br>\u0423\u0427\u0410\u0421\u0422\u0418\u0415 \u0412\u0415\u0420\u042b \u0412 \u0421\u0412\u042f\u0422\u041e\u0419 \u041b\u0418\u0422\u0423\u0420\u0413\u0418\u0418<br>\u041d\u0435\u043e\u0431\u0445\u043e\u0434\u0438\u043c\u043e, \u0447\u0442\u043e\u0431\u044b \u0432\u0435\u0440\u0443\u044e\u0449\u0438\u0435 \u0441\u0447\u0438\u0442\u0430\u044e\u0442 \u0441\u0432\u043e\u0438\u043c \u0434\u043e\u043b\u0433 \u0438 \u0432\u044b\u0441\u0448\u0435\u0435 \u0434\u043e\u0441\u0442\u043e\u0438\u043d\u0441\u0442\u0432\u043e, \u043f\u0440\u0438\u043d\u044f\u0442\u044c \u0443\u0447\u0430\u0441\u0442\u0438\u0435 \u0432 \u0435\u0432\u0445\u0430\u0440\u0438\u0441\u0442\u0438\u0447\u0435\u0441\u043a\u043e\u0439 \u0416\u0435\u0440\u0442\u0432\u0435, \u0430 \u043d\u0435 \u043f\u0430\u0441\u0441\u0438\u0432\u043d\u0430\u044f \u043f\u043e\u043c\u043e\u0449\u044c, \u043d\u0435\u0431\u0440\u0435\u0436\u043d\u044b\u0439 \u0438 \u043e\u0442\u0432\u043b\u0435\u043a\u0430\u0442\u044c\u0441\u044f, \u043d\u043e \u043f\u043b\u0430\u043c\u0435\u043d\u043d\u044b\u0439 \u0438 \u043f\u043e\u043b\u043e\u043d \u0440\u0432\u0435\u043d\u0438\u0435, \u0447\u0442\u043e\u0431\u044b \u0431\u044b\u0442\u044c \u0432 \u043d\u0435\u043f\u043e\u0441\u0440\u0435\u0434\u0441\u0442\u0432\u0435\u043d\u043d\u043e\u043c \u043a\u043e\u043d\u0442\u0430\u043a\u0442\u0435 \u0441 \u043f\u0435\u0440\u0432\u043e\u0441\u0432\u044f\u0449\u0435\u043d\u043d\u0438\u043a\u043e\u043c \u0418\u0438\u0441\u0443\u0441\u043e\u043c \u0425\u0440\u0438\u0441\u0442\u043e\u0441, \u043f\u0440\u0438\u043d\u043e\u0441\u044f\u0449\u0438\u0439 \u0441 \u041d\u0438\u043c \u0438 \u0447\u0435\u0440\u0435\u0437 \u041d\u0435\u0433\u043e \u0438 \u043e\u0441\u0432\u044f\u0449\u0430\u044e\u0449\u0438\u0439 \u0415\u0433\u043e. \u00ab\u0418\u043c\u0435\u0439\u0442\u0435 \u0432 \u0441\u0435\u0431\u0435 \u0442\u0435 \u0436\u0435 \u0447\u0443\u0432\u0441\u0442\u0432\u0430, \u043a\u043e\u0442\u043e\u0440\u044b\u0435 \u0431\u044b\u043b\u0438 \u0432 \u0418\u0438\u0441\u0443\u0441\u0435 \u0425\u0440\u0438\u0441\u0442\u0435\u00bb, &#8211; \u0441\u043a\u0430\u0437\u0430\u043b \u0410\u043f\u043e\u0441\u0442\u043e\u043b.<br>\u0422\u0430\u043a\u0438\u043c \u043e\u0431\u0440\u0430\u0437\u043e\u043c, \u0432\u0435\u0440\u0443\u044e\u0449\u0438\u0435 \u043d\u0435 \u0441\u043a\u043b\u043e\u043d\u043d\u044b \u0443\u0447\u0430\u0441\u0442\u0432\u043e\u0432\u0430\u0442\u044c \u0432 \u0415\u0432\u0445\u0430\u0440\u0438\u0441\u0442\u0438\u0447\u0435\u0441\u043a\u043e\u0439 \u0416\u0435\u0440\u0442\u0432\u0435 \u0432 \u043e\u0431\u0449\u0435\u043c \u043d\u0430\u043c\u0435\u0440\u0435\u043d\u0438\u0438, \u043a\u043e\u0442\u043e\u0440\u043e\u0435 \u043f\u043e\u0434\u0445\u043e\u0434\u0438\u0442 \u0447\u043b\u0435\u043d\u0430\u043c \u0425\u0440\u0438\u0441\u0442\u0430 \u0438 \u0441\u044b\u043d\u0443 \u0426\u0435\u0440\u043a\u0432\u0438; \u043d\u043e \u043e\u043d\u0438 \u0441\u0432\u043e\u0431\u043e\u0434\u043d\u043e \u0438 \u0442\u0435\u0441\u043d\u043e \u043e\u0431\u044a\u0435\u0434\u0438\u043d\u044f\u044e\u0442\u0441\u044f \u0441 \u0432\u0435\u0447\u043d\u044b\u043c \u0421\u0432\u044f\u0449\u0435\u043d\u043d\u0438\u043a\u043e\u043c \u0438 \u0435\u0433\u043e \u0441\u043b\u0443\u0436\u0435\u043d\u0438\u0435\u043c \u043d\u0430 \u0437\u0435\u043c\u043b\u0435 (\u0441\u0432\u044f\u0449\u0435\u043d\u043d\u0438\u043a \u043f\u0440\u0430\u0437\u0434\u043d\u0443\u0435\u0442) \u0432 \u0441\u043e\u043e\u0442\u0432\u0435\u0442\u0441\u0442\u0432\u0438\u0438 \u0441 \u0434\u0443\u0445\u043e\u043c \u0421\u0432\u044f\u0449\u0435\u043d\u043d\u043e\u0439 \u041b\u0438\u0442\u0443\u0440\u0433\u0438\u0438.<br>\u041e\u043d\u0438 \u0441\u043e\u0435\u0434\u0438\u043d\u0435\u043d\u044b \u0441\u043e \u0425\u0440\u0438\u0441\u0442\u043e\u043c, \u0441\u043e \u0432\u0441\u0435\u0439 \u0434\u0443\u0448\u043e\u0439, \u0432 \u043e\u0441\u0432\u044f\u0449\u0435\u043d\u0438\u0438 \u0415\u0432\u0445\u0430\u0440\u0438\u0441\u0442\u0438\u0438 (\u0421\u0432\u044f\u0442\u0430\u044f \u0415\u0432\u0445\u0430\u0440\u0438\u0441\u0442\u0438\u044f \u0441\u0440\u0435\u0434\u0438 \u043a\u0430\u0442\u043e\u043b\u0438\u043a\u043e\u0432) \u043e\u043d\u0438 \u043f\u0440\u0435\u0434\u043b\u0430\u0433\u0430\u044e\u0442 \u0441 \u041d\u0438\u043c \u0432 \u0432\u043e\u0437\u0432\u044b\u0448\u0435\u043d\u043d\u043e\u0439 Momento, \u0433\u0434\u0435 \u0441\u0432\u044f\u0449\u0435\u043d\u043d\u043e\u0441\u043b\u0443\u0436\u0438\u0442\u0435\u043b\u044c \u0433\u043e\u0432\u043e\u0440\u0438\u0442 \u044d\u0442\u0438 \u0441\u043b\u043e\u0432\u0430;<br>\u0423 \u043f\u0440\u0430\u0432\u043e\u0441\u043b\u0430\u0432\u043d\u044b\u0445 \u0433\u043e\u0432\u043e\u0440\u0438\u0442;<br>\u00ab\u0427\u0442\u043e \u043f\u0440\u0438\u043d\u0430\u0434\u043b\u0435\u0436\u0438\u0442 \u0432\u0430\u043c, \u0438 \u0447\u0442\u043e \u0438\u0441\u0445\u043e\u0434\u0438\u0442 \u043e\u0442 \u0432\u0430\u0441, \u043c\u044b \u043f\u0440\u0435\u0434\u043b\u0430\u0433\u0430\u0435\u043c \u0435\u0433\u043e \u0432\u0430\u043c \u0432\u043e \u0432\u0441\u0435\u043c \u0438 \u0432\u043e \u0432\u0441\u0435\u043c. \u00ab\u00bb<br>\u0412 \u043a\u0430\u0442\u043e\u043b\u0438\u043a\u0430\u0445 \u0441\u043a\u0430\u0437\u0430\u043b\u0438;<br>\u0427\u0435\u0440\u0435\u0437 \u041d\u0435\u0433\u043e, \u0441 \u041d\u0438\u043c \u0438 \u0441 \u041d\u0438\u043c, \u043c\u043e\u0436\u0435\u0442 \u0431\u044b\u0442\u044c \u0434\u0430\u043d\u0430 \u0447\u0435\u0441\u0442\u044c \u0438 \u0441\u043b\u0430\u0432\u0430 \u0411\u043e\u0433\u0443, \u0412\u0441\u0435\u043c\u043e\u0433\u0443\u0449\u0435\u043c\u0443 \u041e\u0442\u0446\u0443, \u0432 \u0435\u0434\u0438\u043d\u0441\u0442\u0432\u0435 \u0421\u0432\u044f\u0442\u043e\u0433\u043e \u0414\u0443\u0445\u0430 \u0432\u043e \u0432\u0435\u043a\u0438 \u0432\u0435\u043a\u043e\u0432. \u00ab\u00bb<br>\u0425\u0440\u0438\u0441\u0442\u0438\u0430\u043d\u0435 \u043d\u0435 \u0434\u043e\u043b\u0436\u043d\u044b \u0437\u0430\u0431\u044b\u0432\u0430\u0442\u044c \u043f\u0440\u0435\u0434\u043b\u0430\u0433\u0430\u0442\u044c \u0441\u0435\u0431\u044f \u0441 \u0411\u043e\u0436\u0435\u0441\u0442\u0432\u0435\u043d\u043d\u044b\u043c \u0420\u0430\u0441\u043f\u044f\u0442\u0438\u0435\u043c, \u0438\u0445 \u0441\u0442\u0440\u0430\u0434\u0430\u043d\u0438\u044f\u043c\u0438, \u0438\u0445 \u0441\u0442\u0440\u0430\u0434\u0430\u043d\u0438\u044f\u043c\u0438, \u0438\u0445 \u0441\u0442\u0440\u0430\u0434\u0430\u043d\u0438\u044f\u043c\u0438 \u0438 \u0438\u0445 \u043f\u043e\u0442\u0440\u0435\u0431\u043d\u043e\u0441\u0442\u044f\u043c\u0438.<\/p>\n\n\n\n<p><br>SANTA LITURGIA (o misa entre los cat\u00f3licos)<br>El misterio de la Sant\u00edsima Eucarist\u00eda instituido por el Sumo Sacerdote, Jesucristo, y renovado incesantemente seg\u00fan su voluntad, por el ministerio de sus sacerdotes, es como la suma y el centro de la religi\u00f3n cristiana, la cumbre de la liturgia.<br>PARTICIPANTES FIELES EN LA SANTA LITURGIA<br>Es necesario que todos los fieles consideren su deber y su suprema dignidad, participar en el Sacrificio Eucar\u00edstico, no un pasivo, descuidado y distra\u00eddo, sino ardiente y lleno de fervor para estar en estrecho contacto con el Sumo Sacerdote, Jesucristo. Cristo, ofreciendo con \u00e9l y por medio de \u00e9l y santificando con \u00e9l. \u00ab\u00a0Tengan en ti los mismos sentimientos que estaban en Jesucristo\u00a0\u00bb, dijo el ap\u00f3stol.<br>As\u00ed, los fieles no se contentan con participar en el Sacrificio Eucar\u00edstico en la intenci\u00f3n general que conviene a los miembros de Cristo e hijo de la Iglesia; pero se unen libre e \u00edntimamente con el sacerdote eterno y su ministerio en la tierra (el sacerdote celebra) de acuerdo con el esp\u00edritu de la Sagrada Liturgia.<br>Se unen a Cristo, con todas sus almas, a la Consagraci\u00f3n de la Sagrada Eucarist\u00eda (Hostia santa entre los cat\u00f3licos) que ofrecen con \u00c9l en el momento sublime al celebrar dichas palabras;<br>En el ortodoxo dice;<br>\u00ab\u00a0Lo que es tuyo y lo que viene de ti, te lo ofrecemos en todo y para todo. \u00a0\u00bb<br>En cat\u00f3licos dijo;<br>A trav\u00e9s de \u00c9l, con \u00c9l y en \u00c9l, que todo el honor y la gloria te sean dados, Dios Padre Todopoderoso, en la unidad del Esp\u00edritu Santo, por los siglos de los siglos. \u00a0\u00bb<br>Los cristianos no deben olvidar ofrecerse con el Crucificado Divino, sus miserias, sus ansiedades, sus sufrimientos y sus necesidades.<\/p>\n\n\n\n<div class=\"wp-block-image\"><figure class=\"aligncenter\"><img decoding=\"async\" src=\"https:\/\/scontent-cdt1-1.xx.fbcdn.net\/v\/t1.6435-9\/45543880_2269334363294949_1399642984642772992_n.jpg?_nc_cat=103&amp;ccb=1-5&amp;_nc_sid=730e14&amp;_nc_ohc=IdfvxDfD3_kAX_ELxQL&amp;_nc_ht=scontent-cdt1-1.xx&amp;oh=a47de8caf32bb16560d382414c5d7b17&amp;oe=61AA1FDF\" alt=\"Aucune description de photo disponible.\"\/><\/figure><\/div>\n","protected":false},"excerpt":{"rendered":"<p>Les orthodoxes ont la m\u00eame foi eucharistique que les catholiques.Les grandes pri\u00e8res eucharistiques de Saint Basile ou Saint Jean Chrysostome (P\u00e8res d&rsquo;Orient du 4\u00b0s) sont parmi les plus belles.La liturgie orthodoxe se veut\u00ab c\u00e9leste \u00bb, en lien avec le c\u0153ur des anges et des saints. Cela s&rsquo;exprime par la beaut\u00e9 des chants; par l&rsquo;iconostase (mur &hellip; <\/p>\n<p class=\"link-more\"><a href=\"https:\/\/eglise-orthodoxe-autocephale-syro-antiochienne.eu\/?page_id=107\" class=\"more-link\">Continuer la lecture<span class=\"screen-reader-text\"> de &laquo;&nbsp;QU&rsquo;ES CE QUE L&rsquo;EUCHARISTIE CHEZ LES ORTHODOXES&nbsp;&raquo;<\/span><\/a><\/p>\n","protected":false},"author":2,"featured_media":0,"parent":0,"menu_order":0,"comment_status":"closed","ping_status":"closed","template":"","meta":{"footnotes":""},"class_list":["post-107","page","type-page","status-publish","hentry"],"_links":{"self":[{"href":"https:\/\/eglise-orthodoxe-autocephale-syro-antiochienne.eu\/index.php?rest_route=\/wp\/v2\/pages\/107","targetHints":{"allow":["GET"]}}],"collection":[{"href":"https:\/\/eglise-orthodoxe-autocephale-syro-antiochienne.eu\/index.php?rest_route=\/wp\/v2\/pages"}],"about":[{"href":"https:\/\/eglise-orthodoxe-autocephale-syro-antiochienne.eu\/index.php?rest_route=\/wp\/v2\/types\/page"}],"author":[{"embeddable":true,"href":"https:\/\/eglise-orthodoxe-autocephale-syro-antiochienne.eu\/index.php?rest_route=\/wp\/v2\/users\/2"}],"replies":[{"embeddable":true,"href":"https:\/\/eglise-orthodoxe-autocephale-syro-antiochienne.eu\/index.php?rest_route=%2Fwp%2Fv2%2Fcomments&post=107"}],"version-history":[{"count":5,"href":"https:\/\/eglise-orthodoxe-autocephale-syro-antiochienne.eu\/index.php?rest_route=\/wp\/v2\/pages\/107\/revisions"}],"predecessor-version":[{"id":557,"href":"https:\/\/eglise-orthodoxe-autocephale-syro-antiochienne.eu\/index.php?rest_route=\/wp\/v2\/pages\/107\/revisions\/557"}],"wp:attachment":[{"href":"https:\/\/eglise-orthodoxe-autocephale-syro-antiochienne.eu\/index.php?rest_route=%2Fwp%2Fv2%2Fmedia&parent=107"}],"curies":[{"name":"wp","href":"https:\/\/api.w.org\/{rel}","templated":true}]}}