{"id":109,"date":"2021-02-21T16:24:35","date_gmt":"2021-02-21T15:24:35","guid":{"rendered":"https:\/\/eglise-orthodoxe-autocephale-syro-antiochienne.eu\/?page_id=109"},"modified":"2021-03-02T13:28:04","modified_gmt":"2021-03-02T12:28:04","slug":"mariage-orthodoxe","status":"publish","type":"page","link":"https:\/\/eglise-orthodoxe-autocephale-syro-antiochienne.eu\/?page_id=109","title":{"rendered":"MARIAGE ORTHODOXE"},"content":{"rendered":"\n<p>L&rsquo;enseignement sur le mariage est pour l&rsquo;essentiel, le m\u00eame que chez les catholiques.<br>Les orthodoxes insistent d&rsquo;avantage sur le fait qu&rsquo;un foyer chr\u00e9tien est une sorte d&rsquo;Eglise en miniature ( ou cellule de l&rsquo;Eglise ).<\/p>\n\n\n\n<p>C&rsquo; est-a-dire un lieu privil\u00e9gie pour vivre dans la foi, l&rsquo; esp\u00e9rance et l&rsquo; amour.<br>La c\u00e9l\u00e9bration compte de tr\u00e8s beaux rites.<br>Apres l&rsquo; \u00e9change des consentements, le pr\u00eatre couronne les \u00e9poux :<\/p>\n\n\n\n<ul class=\"wp-block-list\"><li>couronne qui les fait roi et reine, l&rsquo;un pour l&rsquo;autre, et couronne des martyrs (ils auront a souffrir).<br>Les \u00e9poux boivent a une m\u00eame coupe de vin (signe d&rsquo;amour et d\u2019unit\u00e9).<br>La Bible est tr\u00e8s pr\u00e9sente \u00e0 la c\u00e9l\u00e9bration. On en \u00e9coute des passages, et les \u00e9poux font le tour du lutrin (pupitre) sur lequel elle est pos\u00e9e signe d&rsquo; \u00e9ternit\u00e9.<br><strong>Le mariage civil n&rsquo;a rien d&rsquo;engagement avec un mariage religieux.<\/strong><\/li><\/ul>\n\n\n\n<p><strong>La r\u00e9f\u00e9rence du mariage orthodoxe et sur deux parties :<\/strong><\/p>\n\n\n\n<p><strong>1\u00b0) Les Fian\u00e7ailles ( c\u00e9r\u00e9monie de l&rsquo;anneau) :<\/strong><br>*** Les fian\u00e7ailles solennelles temporaires avec droit de vie conjugale appel\u00e9e aussi c\u00e9r\u00e9monie de l&rsquo;anneau. Description de la c\u00e9r\u00e9monie voir livre: Les pri\u00e8res des Eglises du rite Byzantin. pr\u00e9face de son \u00c9minence le Card. E. TISSERANT. secr\u00e9taire<br>de la S.Congr\u00e9gation Pro Eccl\u00e9sial Oriental consulter les pages suivantes : 399 a 402.<br>Cet \u00e9tat d&rsquo;union conjugal peut \u00eatre dissout par l&rsquo;un ou l&rsquo;autre des parties pour motif raisonnable \u00e0 tout moment sans l&rsquo; intervention de l\u2019\u00c9glise. (voir Commentaire sur les Sacrements d&rsquo; Alexandre TROUBNIKOFF Archipr\u00eatre Eglise orthodoxe Russe a l&rsquo;\u00e9tranger. Page 66<\/p>\n\n\n\n<p><br><strong>2\u00b0) Le couronnement (mariage proprement dit chez les catholique)<\/strong><br>*** Description de la c\u00e9r\u00e9monie se r\u00e9f\u00e9rer au m\u00eame livre que la c\u00e9r\u00e9monie de l&rsquo;anneau page de 403 a 412.<br>Le couronnement est l&rsquo; engagement des deux parties d\u00e9finitives.<\/p>\n","protected":false},"excerpt":{"rendered":"<p>L&rsquo;enseignement sur le mariage est pour l&rsquo;essentiel, le m\u00eame que chez les catholiques.Les orthodoxes insistent d&rsquo;avantage sur le fait qu&rsquo;un foyer chr\u00e9tien est une sorte d&rsquo;Eglise en miniature ( ou cellule de l&rsquo;Eglise ). C&rsquo; est-a-dire un lieu privil\u00e9gie pour vivre dans la foi, l&rsquo; esp\u00e9rance et l&rsquo; amour.La c\u00e9l\u00e9bration compte de tr\u00e8s beaux rites.Apres &hellip; <\/p>\n<p class=\"link-more\"><a href=\"https:\/\/eglise-orthodoxe-autocephale-syro-antiochienne.eu\/?page_id=109\" class=\"more-link\">Continuer la lecture<span class=\"screen-reader-text\"> de &laquo;&nbsp;MARIAGE ORTHODOXE&nbsp;&raquo;<\/span><\/a><\/p>\n","protected":false},"author":2,"featured_media":0,"parent":0,"menu_order":0,"comment_status":"closed","ping_status":"closed","template":"","meta":{"footnotes":""},"class_list":["post-109","page","type-page","status-publish","hentry"],"_links":{"self":[{"href":"https:\/\/eglise-orthodoxe-autocephale-syro-antiochienne.eu\/index.php?rest_route=\/wp\/v2\/pages\/109","targetHints":{"allow":["GET"]}}],"collection":[{"href":"https:\/\/eglise-orthodoxe-autocephale-syro-antiochienne.eu\/index.php?rest_route=\/wp\/v2\/pages"}],"about":[{"href":"https:\/\/eglise-orthodoxe-autocephale-syro-antiochienne.eu\/index.php?rest_route=\/wp\/v2\/types\/page"}],"author":[{"embeddable":true,"href":"https:\/\/eglise-orthodoxe-autocephale-syro-antiochienne.eu\/index.php?rest_route=\/wp\/v2\/users\/2"}],"replies":[{"embeddable":true,"href":"https:\/\/eglise-orthodoxe-autocephale-syro-antiochienne.eu\/index.php?rest_route=%2Fwp%2Fv2%2Fcomments&post=109"}],"version-history":[{"count":3,"href":"https:\/\/eglise-orthodoxe-autocephale-syro-antiochienne.eu\/index.php?rest_route=\/wp\/v2\/pages\/109\/revisions"}],"predecessor-version":[{"id":183,"href":"https:\/\/eglise-orthodoxe-autocephale-syro-antiochienne.eu\/index.php?rest_route=\/wp\/v2\/pages\/109\/revisions\/183"}],"wp:attachment":[{"href":"https:\/\/eglise-orthodoxe-autocephale-syro-antiochienne.eu\/index.php?rest_route=%2Fwp%2Fv2%2Fmedia&parent=109"}],"curies":[{"name":"wp","href":"https:\/\/api.w.org\/{rel}","templated":true}]}}