{"id":111,"date":"2021-02-21T16:26:11","date_gmt":"2021-02-21T15:26:11","guid":{"rendered":"https:\/\/eglise-orthodoxe-autocephale-syro-antiochienne.eu\/?page_id=111"},"modified":"2021-03-27T21:21:18","modified_gmt":"2021-03-27T20:21:18","slug":"second-noce-remariage-chez-les-orthodoxes","status":"publish","type":"page","link":"https:\/\/eglise-orthodoxe-autocephale-syro-antiochienne.eu\/?page_id=111","title":{"rendered":"SECOND NOCE (remariage) CHEZ LES ORTHODOXES"},"content":{"rendered":"\n<p>Chez les chr\u00e9tiens, les positions sont nuanc\u00e9es, chez les orthodoxes, le remariage est autoris\u00e9, dans le cas d\u2019infid\u00e9lit\u00e9, pour le conjoint juge innocent.<br>Ce r\u00e9f\u00e9rer au livre: Commentaire sur les Sacrements d&rsquo; Alexandre TROUBNIKOFF Archipr\u00eatre Eglise orthodoxe Russe \u00e0 I&rsquo;\u00e9tranger page 72 a 73. On y rapporte les faits suivants:<br>*** L&rsquo;Eglise orthodoxe permet le divorce et le remariage.<br>Cette tol\u00e9rance s&rsquo; appuie sur les textes de Saint Matthieu (chap. XIX: 9 ) IL est \u00e9vident que l\u2019\u00c9glise consid\u00e8re le mariage comme fondamentalement indissoluble et en condamne la rupture comme un p\u00e9ch\u00e9. L&rsquo;Eglise orthodoxe aide les p\u00eacheurs en leur donnant d&rsquo; autres chances. Lorsqu&rsquo;un mariage a cesse d&rsquo;\u00eatre une r\u00e9alit\u00e9, l&rsquo;Eglise orthodoxe n&rsquo;exige pas que l&rsquo;on pr\u00e9serve ce qui n&rsquo;est qu&rsquo;une fiction l\u00e9gale.<\/p>\n\n\n\n<p>Le divorce est donc accorde comme une exception, une concession n\u00e9cessaire au p\u00e9ch\u00e9 humain, c&rsquo; est un acte d&rsquo; Economie ou dispensions et de charit\u00e9 divine.<br>Nous savons que Dieu n&rsquo;impose pas telle ou telle voie.<br>L&rsquo;homme est libre de choisir entre l&rsquo; acceptation des charismes et des gr\u00e2ces re\u00e7us par les sacrements ou de les rejeter.<br>D&rsquo;autre part l\u2019\u00c9glise a pour but de faciliter le salut de chacun de ses fid\u00e8les.<br>Le divorce se prononce au tribunal eccl\u00e9siastique pour motifs graves.<br>La c\u00e9r\u00e9monie du couronnement est donc dissoute, par cons\u00e9quent l&rsquo;un ou l&rsquo;autre des parties peut recontacter une nouvelle union.<\/p>\n","protected":false},"excerpt":{"rendered":"<p>Chez les chr\u00e9tiens, les positions sont nuanc\u00e9es, chez les orthodoxes, le remariage est autoris\u00e9, dans le cas d\u2019infid\u00e9lit\u00e9, pour le conjoint juge innocent.Ce r\u00e9f\u00e9rer au livre: Commentaire sur les Sacrements d&rsquo; Alexandre TROUBNIKOFF Archipr\u00eatre Eglise orthodoxe Russe \u00e0 I&rsquo;\u00e9tranger page 72 a 73. On y rapporte les faits suivants:*** L&rsquo;Eglise orthodoxe permet le divorce et &hellip; <\/p>\n<p class=\"link-more\"><a href=\"https:\/\/eglise-orthodoxe-autocephale-syro-antiochienne.eu\/?page_id=111\" class=\"more-link\">Continuer la lecture<span class=\"screen-reader-text\"> de &laquo;&nbsp;SECOND NOCE (remariage) CHEZ LES ORTHODOXES&nbsp;&raquo;<\/span><\/a><\/p>\n","protected":false},"author":2,"featured_media":0,"parent":0,"menu_order":0,"comment_status":"closed","ping_status":"closed","template":"","meta":{"footnotes":""},"class_list":["post-111","page","type-page","status-publish","hentry"],"_links":{"self":[{"href":"https:\/\/eglise-orthodoxe-autocephale-syro-antiochienne.eu\/index.php?rest_route=\/wp\/v2\/pages\/111","targetHints":{"allow":["GET"]}}],"collection":[{"href":"https:\/\/eglise-orthodoxe-autocephale-syro-antiochienne.eu\/index.php?rest_route=\/wp\/v2\/pages"}],"about":[{"href":"https:\/\/eglise-orthodoxe-autocephale-syro-antiochienne.eu\/index.php?rest_route=\/wp\/v2\/types\/page"}],"author":[{"embeddable":true,"href":"https:\/\/eglise-orthodoxe-autocephale-syro-antiochienne.eu\/index.php?rest_route=\/wp\/v2\/users\/2"}],"replies":[{"embeddable":true,"href":"https:\/\/eglise-orthodoxe-autocephale-syro-antiochienne.eu\/index.php?rest_route=%2Fwp%2Fv2%2Fcomments&post=111"}],"version-history":[{"count":4,"href":"https:\/\/eglise-orthodoxe-autocephale-syro-antiochienne.eu\/index.php?rest_route=\/wp\/v2\/pages\/111\/revisions"}],"predecessor-version":[{"id":449,"href":"https:\/\/eglise-orthodoxe-autocephale-syro-antiochienne.eu\/index.php?rest_route=\/wp\/v2\/pages\/111\/revisions\/449"}],"wp:attachment":[{"href":"https:\/\/eglise-orthodoxe-autocephale-syro-antiochienne.eu\/index.php?rest_route=%2Fwp%2Fv2%2Fmedia&parent=111"}],"curies":[{"name":"wp","href":"https:\/\/api.w.org\/{rel}","templated":true}]}}