{"id":148,"date":"2021-02-27T17:12:18","date_gmt":"2021-02-27T16:12:18","guid":{"rendered":"https:\/\/eglise-orthodoxe-autocephale-syro-antiochienne.eu\/?page_id=148"},"modified":"2021-03-02T17:02:15","modified_gmt":"2021-03-02T16:02:15","slug":"ministere-orthodoxe","status":"publish","type":"page","link":"https:\/\/eglise-orthodoxe-autocephale-syro-antiochienne.eu\/?page_id=148","title":{"rendered":"MINIST\u00c8RE ORTHODOXE"},"content":{"rendered":"\n<p><strong>QU&rsquo;ES CE QUE LE MINIST\u00c8RE CHEZ LES ORTHODOXES ?<\/strong><\/p>\n\n\n\n<p>En orthodoxie on n&rsquo; emploie pas Le mot s\u00e9minaire qui vient du Concile de Trente, de l&rsquo;Eglise Catholique Romaine. On emploie l&rsquo; expression:<br>Institut Philosophique et th\u00e9ologique dont Le pr\u00e9sident est Le Patriarche  ou l&rsquo;Exarque recteur du Saint Synode.<br>Les orthodoxes con\u00e7oivent le sacerdoce comme les catholiques. Pour eux aussi, l&rsquo; ordre (cons\u00e9cration) est un sacrement c\u00e9l\u00e9br\u00e9 par l&rsquo; \u00e9v\u00eaque. Les hommes comme les femmes peuvent \u00eatre ordonn\u00e9s (consacr\u00e9s). Les pr\u00eatres sont appel\u00e9s popes, les archev\u00eaques m\u00e9tropolites. Les patriarches dirigent chacune des 15 Eglises &lt; &lt; autoc\u00e9phales &gt; &gt; (ou autonomes) :<br>celles de Gr\u00e8ce (Constantinople), d&rsquo;Egypte (Alexandrie), de Russie (Moscou), etc \u2026.<br>Pour eux, le pape est le patriarche de I&rsquo;Eglise Romaine.<\/p>\n\n\n\n<p><strong>COMMENT APPELLE T&rsquo;ON LES FEMMES ORDONN\u00c9ES ( CONSACR\u00c9ES ) ?<\/strong><\/p>\n\n\n\n<p>Dans l\u2019\u00c9glise orthodoxe les femmes consacr\u00e9es sont nomm\u00e9es au grade d&rsquo; Abbesses et Diaconesses. <\/p>\n\n\n\n<p><strong>Les femmes pr\u00eatres vues par des orthodoxes<\/strong><\/p>\n\n\n\n<p><strong> cliquez sur le lien en dessous <\/strong><\/p>\n\n\n\n<p><a href=\"http:\/\/www.womencanbepriests.org\/fr\/related\/mercier.asp\">http:\/\/www.womencanbepriests.org\/fr\/related\/mercier.asp<\/a><\/p>\n\n\n\n<p class=\"has-text-align-center\"><strong>DANGER ET CONDUITE DU PR\u00caTRE :<\/strong><\/p>\n\n\n\n<p>Dans la journ\u00e9e s&rsquo;ils ne sont pas en civil, les pr\u00eatres orthodoxes portent la soutane noire et une toque, qui chez les \u00e9v\u00eaques peut \u00eatre noire ou blanche et se prolonge par un voile.<br>Ce n&rsquo; est pas obligatoire mais peuvent \u00eatre port\u00e9es pour des raisons s\u00e9rieuses. (R\u00e9f: Commentaires sur les Sacrements d&rsquo; Alexandre TROUBNIKOFF Archipr\u00eatre de l\u2019\u00c9glise orthodoxe Russe \u00e0 l\u2019\u00e9tranger. voir page 79) ou il nous lisons que St Jean Chrysostome nous conseille de porter la soutane car elle repr\u00e9sente une armure de diamants pour le pr\u00eatre \u00e0 fin qu&rsquo;il n&rsquo;y ait dans toute sa personne aucun endroit faible etc. .<br>Ils  se laissent souvent pousser la barbe. Quant aux v\u00eatements liturgiques utilis\u00e9s pour le culte, quelle splendeur !<br>II faut dire que pour les orthodoxes, la beaut\u00e9 des c\u00e9l\u00e9brations doit \u00e9lever les c\u0153urs vers la beaut\u00e9 de Dieu.<\/p>\n\n\n\n<p class=\"has-text-align-center\"><strong>LE PR\u00caTRE PEUT-IL IMPOSER SA RELIGION A SA FAMILLE ?<\/strong><\/p>\n\n\n\n<p>II n&rsquo;a pas l&rsquo;obligation d&rsquo;imposer la religion orthodoxe \u00e0 son \u00e9pouse \u00e0 ses enfants ou il a l&rsquo;un ou l&rsquo;autre membre de sa famille. Seul un libre arbitre permet \u00e0 sa famille de rentrer dans cette confession.<\/p>\n\n\n\n<p class=\"has-text-align-center\"><strong>LE CLERG\u00c9 ORTHODOXE PEUT-IL SE MARIER ?<\/strong><\/p>\n\n\n\n<p><strong>a) Le pr\u00eatre c\u00e9libataire:<\/strong><br>Au moment de la cons\u00e9cration, il fait le v\u0153ux de chastet\u00e9 et ne peut pas se marier.<br><strong>b) Le pr\u00eatre veuf :<\/strong><br>Au moment de la cons\u00e9cration, reste c\u00e9libataire et \u00e9l\u00e8ve ses enfants s&rsquo; il y en \u00e0, sans pouvoir reprendre une autre \u00e9pouse. Si non il se retrouve en \u00e9tat de la\u00efc.<br><strong>c) Le pr\u00eatre mari\u00e9 ou fianc\u00e9:<\/strong><br>Au moment de la cons\u00e9cration le reste.<br>Nous lisons dans l\u2019\u00c9p\u00eetre de St Paul a Timoth\u00e9e (I Tim 3) :<br>**** \u00abLes \u00c9v\u00eaques seront maries \u00e0 une seule femme, ils devront savoir conduire leur foyer et \u00e9lever leurs enfants, sans quoi ils ne peuvent pas pr\u00e9tendre conduire le peuple de Dieu.\u00bb<br>Comme on le constate le mariage n&rsquo;\u00e9tait pas une permission mais une obligation.<br>Si non, pourquoi garde t-on cet \u00c9p\u00eetre et conserve t-on St Paul comme Ap\u00f4tre ?<br>Seulement voila, nous savons tous que St Paul est un \u00a0\u00bb pilier\u00a0\u00bb de l&rsquo;Eglise, qu&rsquo;il n&rsquo;est ni un h\u00e9r\u00e9tique ni un interdit, son nom est presque toujours accol\u00e9 \u00e0 celui de St Pierre et ils apparaissent tous deux sur les Sceaux Pontificaux.<\/p>\n\n\n\n<p>D&rsquo;ailleurs St Paul ne r\u00e9cidive t-il pas encore dans son \u00c9p\u00eetre \u00e0 Tite (Tite I) , et dans d&rsquo;autres passages! lui-m\u00eame \u00e9tait mari\u00e9 ainsi que les autres Ap\u00f4tres (sauf St Jean) comme nous l&rsquo;apprend St J\u00e9r\u00f4me.<\/p>\n\n\n\n<p class=\"has-text-align-center\"><strong>LE PR\u00caTRE ORTHODOXE MARIE PEUT-IL DIVORCE ?<\/strong><\/p>\n\n\n\n<p>Le pr\u00eatre peut se retrouver en \u00e9tat de divorce civil tout en conservant sa qualit\u00e9, sa fonction et sa dignit\u00e9 de pr\u00eatre orthodoxe.<br>Ce qui ne l\u2019emp\u00eache pas de contracter une nouvelle union conjugale.<br>Cet \u00e9tat lui est demand\u00e9 en vertu de la parole de Dieu qui pr\u00e9cise:<br>\u00ab Qu&rsquo;il n&rsquo;est pas bon que l&rsquo;homme soit seul (Gen\u00e8se II : 18\u00bb><br>Les versets du chapitre VII de la premier \u00c9p\u00eetre aux Corinthiens St Paul nous dit :<br>\u00a0\u00bb Qu&rsquo;en raison toutefois du danger d\u2019impudicit\u00e9, que chaque homme ait sa femme et que chaque femme ait son homme\u00a0\u00bb lui aussi nous explique la raison de l&rsquo;ordination d&rsquo;un homme mari\u00e9.<br>D&rsquo;autre, part le pr\u00eatre comme tout homme se doit d&rsquo;accepter le divorce car il se doit de respecter la loi. Nous lisons dans l\u2019\u00c9p\u00eetre de St Paul aux Romains (ch. XII v.l) :<br>\u00abQue toute personne soit soumise aux autorit\u00e9s sup\u00e9rieure (Magistrat, Juge, etc. ) car il n&rsquo;y a point d\u2019autorit\u00e9 qui ne vienne de Dieu, et les autorit\u00e9s qui existent ont \u00e9t\u00e9 institu\u00e9es de Dieu, c&rsquo;est pourquoi celui qui s&rsquo;oppose \u00e0 l\u2019autorit\u00e9 r\u00e9siste \u00e0 l&rsquo;ordre que Dieu a \u00e9tabli, et ceux qui r\u00e9sistent attire une condamnation sur eux m\u00eames \u00bb.<\/p>\n\n\n\n<p class=\"has-text-align-center\"><strong>QUELLE RISQUE ET ENCOURS LE PR\u00caTRE QUI A EU RECOURS A LA MAGIE ( sorcellerie ) ?<\/strong><\/p>\n\n\n\n<p>Apres une enqu\u00eat\u00e9 approfondit, le pr\u00eatre est convoqu\u00e9 devant le Tribunal<br>Eccl\u00e9siastique sur les faits que l&rsquo; on lui reproch\u00e9.<br>II se trouve excommunie \u00e0 vie, interdit, ne pouvant plus pratique son sacerdoce dans aucun autre PATRIARCAT, et se retrouve a l\u2019\u00e9tat de la\u00efc. (Voir livre: Commentaire sur les Sacrements d\u2019apr\u00e8s Alexandre TROUBNIKOFF Archipr\u00eatre Eglise orthodoxe Russe \u00e0 l\u2019\u00e9tranger page 36)<br>Nous lisons : Un pr\u00eatre qui a eu recours \u00e0 des pratiques de magie doit \u00eatre r\u00e9duit \u00e0 l\u2019\u00e9tat la\u00efc et ne peut plus communier d\u2019apr\u00e8s la 36 \u00e9me r\u00e8gle du Concile de Laodicee (Ville d&rsquo; Asie Mineure).<\/p>\n\n\n\n<p class=\"has-text-align-center\"><strong>DE QUOI VIT UN PR\u00caTRE OU \u00c9V\u00caQUE ORTHODOXE EN FRANCE ?<\/strong><\/p>\n\n\n\n<p>L&rsquo;Eglise orthodoxe Syro-Antiochienne d&rsquo;Europe ne per\u00e7oit aucune subvention.<br>Les d\u00e9penses de fonctionnement des paroisses ne sont pas \u00e0 la charge des communes.<br>Les frais de formation, de sant\u00e9 et de retraite des pr\u00eatres, leurs d\u00e9placements, leurs logements, l&rsquo;entretien des locaux, les imp\u00f4ts locaux, l&rsquo;E.D.F,  l&rsquo;Eau, le T\u00e9l\u00e9phone, Internet, rien de tout cela n&rsquo; est gratuit.<br><strong>LES PR\u00caTRES COMME LES \u00c9V\u00caQUES NE SONT PAS SALARIES.<\/strong><br>Les dioc\u00e8ses manquent de moyens pour d\u00e9velopper leurs actions.<\/p>\n\n\n\n<p>Les pr\u00eatres comme les \u00e9v\u00eaques travaillent dans le civil pour pouvoir vivre.<br>L&rsquo; Eglise est au service de Dieu et de tous les hommes : bapt\u00eame, communion, mariage, tous les jours de la vie jusqu\u2019\u00e0 l&rsquo;instant douloureux de la mort, OU elle est source de r\u00e9confort et d&rsquo;esp\u00e9rance.<br>II appartient \u00e0 chaque baptis\u00e9, pratiquant ou non, de faire vivre l&rsquo;Eglise, en donnant ce qu&rsquo;il peut ce qu&rsquo;il veut mais en donnant.<br><strong>Baptis\u00e9s, nous comptons sur vous<\/strong>.<\/p>\n","protected":false},"excerpt":{"rendered":"<p>QU&rsquo;ES CE QUE LE MINIST\u00c8RE CHEZ LES ORTHODOXES ? En orthodoxie on n&rsquo; emploie pas Le mot s\u00e9minaire qui vient du Concile de Trente, de l&rsquo;Eglise Catholique Romaine. On emploie l&rsquo; expression:Institut Philosophique et th\u00e9ologique dont Le pr\u00e9sident est Le Patriarche ou l&rsquo;Exarque recteur du Saint Synode.Les orthodoxes con\u00e7oivent le sacerdoce comme les catholiques. Pour &hellip; <\/p>\n<p class=\"link-more\"><a href=\"https:\/\/eglise-orthodoxe-autocephale-syro-antiochienne.eu\/?page_id=148\" class=\"more-link\">Continuer la lecture<span class=\"screen-reader-text\"> de &laquo;&nbsp;MINIST\u00c8RE ORTHODOXE&nbsp;&raquo;<\/span><\/a><\/p>\n","protected":false},"author":2,"featured_media":0,"parent":0,"menu_order":0,"comment_status":"closed","ping_status":"closed","template":"","meta":{"footnotes":""},"class_list":["post-148","page","type-page","status-publish","hentry"],"_links":{"self":[{"href":"https:\/\/eglise-orthodoxe-autocephale-syro-antiochienne.eu\/index.php?rest_route=\/wp\/v2\/pages\/148","targetHints":{"allow":["GET"]}}],"collection":[{"href":"https:\/\/eglise-orthodoxe-autocephale-syro-antiochienne.eu\/index.php?rest_route=\/wp\/v2\/pages"}],"about":[{"href":"https:\/\/eglise-orthodoxe-autocephale-syro-antiochienne.eu\/index.php?rest_route=\/wp\/v2\/types\/page"}],"author":[{"embeddable":true,"href":"https:\/\/eglise-orthodoxe-autocephale-syro-antiochienne.eu\/index.php?rest_route=\/wp\/v2\/users\/2"}],"replies":[{"embeddable":true,"href":"https:\/\/eglise-orthodoxe-autocephale-syro-antiochienne.eu\/index.php?rest_route=%2Fwp%2Fv2%2Fcomments&post=148"}],"version-history":[{"count":11,"href":"https:\/\/eglise-orthodoxe-autocephale-syro-antiochienne.eu\/index.php?rest_route=\/wp\/v2\/pages\/148\/revisions"}],"predecessor-version":[{"id":219,"href":"https:\/\/eglise-orthodoxe-autocephale-syro-antiochienne.eu\/index.php?rest_route=\/wp\/v2\/pages\/148\/revisions\/219"}],"wp:attachment":[{"href":"https:\/\/eglise-orthodoxe-autocephale-syro-antiochienne.eu\/index.php?rest_route=%2Fwp%2Fv2%2Fmedia&parent=148"}],"curies":[{"name":"wp","href":"https:\/\/api.w.org\/{rel}","templated":true}]}}