{"id":259,"date":"2021-03-06T13:33:34","date_gmt":"2021-03-06T12:33:34","guid":{"rendered":"https:\/\/eglise-orthodoxe-autocephale-syro-antiochienne.eu\/?page_id=259"},"modified":"2021-03-06T13:38:59","modified_gmt":"2021-03-06T12:38:59","slug":"benediction-maison-commerce-entreprise","status":"publish","type":"page","link":"https:\/\/eglise-orthodoxe-autocephale-syro-antiochienne.eu\/?page_id=259","title":{"rendered":"BENEDICTION MAISON -COMMERCE-ENTREPRISE"},"content":{"rendered":"\n<p>Eglise Orthodoxe<br>\u00abDans l&rsquo;\u00e9glise orthodoxe\u00bb, explique Mgr Dominique, \u00a0\u00bb nous b\u00e9nissons toutes les maisons des croyants lors des semaines qui suivent la f\u00eate de la Th\u00e9ophanie (Bapt\u00eame du Christ), nous pouvons b\u00e9nir une maison plusieurs fois par an, par exemple apr\u00e8s une dispute familiale, en incitant d&rsquo;abord tous \u00e0 se pardonner les uns les autres.<\/p>\n\n\n\n<p>\u00a0\u00bb Dans l&rsquo; Euchologe, le livre des sacrements, il existe des pri\u00e8res pour toutes les occasions de b\u00e9n\u00e9diction que ce soit une nouvelle r\u00e9colte, un troupeau, le raisin, les fruits, les herbes potag\u00e8res, les navires, les voitures, entreprise, commerce\u2026 et bien entendu, les maisons dont je viens de parler \u00ab\u00a0, explique-t-il.<\/p>\n\n\n\n<p>Nous sommes sans cesse sollicit\u00e9 pour b\u00e9nir des maisons, des fermes, des champs, entreprises, commerces et aussi donner l&rsquo;onction des malades.<\/p>\n\n\n\n<p>\u00ab\u00a0( \u2026 ayant appel\u00e9 ses douze disciples, J\u00e9sus leur donna le pouvoir de chasser les esprits impurs et de gu\u00e9rir toute maladie\u2026 et leur fit cette recommandation : gu\u00e9rissez les malades, \u2026\u2026, chassez les d\u00e9mons. vous avez re\u00e7u gratuitement, donnez gratuitement. (\u00e9vangile selon Saint Matthieu ch. 9 v.36 et ch. 10 v .1.5.8)\u00a0\u00bb<\/p>\n","protected":false},"excerpt":{"rendered":"<p>Eglise Orthodoxe\u00abDans l&rsquo;\u00e9glise orthodoxe\u00bb, explique Mgr Dominique, \u00a0\u00bb nous b\u00e9nissons toutes les maisons des croyants lors des semaines qui suivent la f\u00eate de la Th\u00e9ophanie (Bapt\u00eame du Christ), nous pouvons b\u00e9nir une maison plusieurs fois par an, par exemple apr\u00e8s une dispute familiale, en incitant d&rsquo;abord tous \u00e0 se pardonner les uns les autres. \u00a0\u00bb &hellip; <\/p>\n<p class=\"link-more\"><a href=\"https:\/\/eglise-orthodoxe-autocephale-syro-antiochienne.eu\/?page_id=259\" class=\"more-link\">Continuer la lecture<span class=\"screen-reader-text\"> de &laquo;&nbsp;BENEDICTION MAISON -COMMERCE-ENTREPRISE&nbsp;&raquo;<\/span><\/a><\/p>\n","protected":false},"author":2,"featured_media":0,"parent":0,"menu_order":0,"comment_status":"closed","ping_status":"closed","template":"","meta":{"footnotes":""},"class_list":["post-259","page","type-page","status-publish","hentry"],"_links":{"self":[{"href":"https:\/\/eglise-orthodoxe-autocephale-syro-antiochienne.eu\/index.php?rest_route=\/wp\/v2\/pages\/259","targetHints":{"allow":["GET"]}}],"collection":[{"href":"https:\/\/eglise-orthodoxe-autocephale-syro-antiochienne.eu\/index.php?rest_route=\/wp\/v2\/pages"}],"about":[{"href":"https:\/\/eglise-orthodoxe-autocephale-syro-antiochienne.eu\/index.php?rest_route=\/wp\/v2\/types\/page"}],"author":[{"embeddable":true,"href":"https:\/\/eglise-orthodoxe-autocephale-syro-antiochienne.eu\/index.php?rest_route=\/wp\/v2\/users\/2"}],"replies":[{"embeddable":true,"href":"https:\/\/eglise-orthodoxe-autocephale-syro-antiochienne.eu\/index.php?rest_route=%2Fwp%2Fv2%2Fcomments&post=259"}],"version-history":[{"count":2,"href":"https:\/\/eglise-orthodoxe-autocephale-syro-antiochienne.eu\/index.php?rest_route=\/wp\/v2\/pages\/259\/revisions"}],"predecessor-version":[{"id":263,"href":"https:\/\/eglise-orthodoxe-autocephale-syro-antiochienne.eu\/index.php?rest_route=\/wp\/v2\/pages\/259\/revisions\/263"}],"wp:attachment":[{"href":"https:\/\/eglise-orthodoxe-autocephale-syro-antiochienne.eu\/index.php?rest_route=%2Fwp%2Fv2%2Fmedia&parent=259"}],"curies":[{"name":"wp","href":"https:\/\/api.w.org\/{rel}","templated":true}]}}