{"id":261,"date":"2021-03-06T13:37:02","date_gmt":"2021-03-06T12:37:02","guid":{"rendered":"https:\/\/eglise-orthodoxe-autocephale-syro-antiochienne.eu\/?page_id=261"},"modified":"2021-03-06T13:37:02","modified_gmt":"2021-03-06T12:37:02","slug":"onction-des-malades","status":"publish","type":"page","link":"https:\/\/eglise-orthodoxe-autocephale-syro-antiochienne.eu\/?page_id=261","title":{"rendered":"ONCTION DES MALADES"},"content":{"rendered":"\n<p>Eglise Orthodoxe<br>Nos Pr\u00eatres et \u00c9v\u00eaques re\u00e7oivent chaque jour.<\/p>\n\n\n\n<p>Ils accueillent tous ceux qui se pr\u00e9sente \u00e0 eux sans aucune discrimination mais avec discernement.<\/p>\n\n\n\n<p>Ils se d\u00e9placent et se rendes \u00e0 domicile pour visiter les malades ou handicap\u00e9s et aide \u00e0 soulager les mis\u00e8res humaines ou spirituelles \u00e0 cause du nombre des demandes, pr\u00e9voir assez t\u00f4t un d\u00e9placement afin que les visites d&rsquo;un m\u00eame secteur puissent \u00eatre regroup\u00e9es.<\/p>\n\n\n\n<p>Le sacrement de l&rsquo;onction des malades n&rsquo;est pas donn\u00e9 uniquement lors d&rsquo;une mort prochaine, mais \u00e0 chaque fois qu&rsquo;une personne implore le secours du Seigneur et de la M\u00e8re de Dieu \u00a0\u00bb \u00bb.<\/p>\n\n\n\n<p>\u00a0\u00bb Comme dit l&rsquo;\u00e9p\u00eetre catholique de Jacques ( ch. 5,10-16 ). Quelqu&rsquo;un parmi vous souffre-t-il de quelque mal? Qu&rsquo;il fasse oraison. Quelqu&rsquo;un \u00e9prouve-t-il de la joie? Qu&rsquo;il entonne un cantique. Quelqu&rsquo;un parmi vous est infirme? Qu&rsquo;il appelle les pr\u00eatres de l&rsquo;Eglise et que ceux-ci prient pour lui en l&rsquo;oignant d&rsquo;huile au nom du Seigneur; la pri\u00e8re de la foi sauvera le malade, et le Seigneur le rel\u00e8vera. S&rsquo;il a commis des p\u00e9ch\u00e9s, ils lui seront pardonn\u00e9s. etc \u2026. \u00ab\u00a0<\/p>\n","protected":false},"excerpt":{"rendered":"<p>Eglise OrthodoxeNos Pr\u00eatres et \u00c9v\u00eaques re\u00e7oivent chaque jour. Ils accueillent tous ceux qui se pr\u00e9sente \u00e0 eux sans aucune discrimination mais avec discernement. Ils se d\u00e9placent et se rendes \u00e0 domicile pour visiter les malades ou handicap\u00e9s et aide \u00e0 soulager les mis\u00e8res humaines ou spirituelles \u00e0 cause du nombre des demandes, pr\u00e9voir assez t\u00f4t &hellip; <\/p>\n<p class=\"link-more\"><a href=\"https:\/\/eglise-orthodoxe-autocephale-syro-antiochienne.eu\/?page_id=261\" class=\"more-link\">Continuer la lecture<span class=\"screen-reader-text\"> de &laquo;&nbsp;ONCTION DES MALADES&nbsp;&raquo;<\/span><\/a><\/p>\n","protected":false},"author":2,"featured_media":0,"parent":0,"menu_order":0,"comment_status":"closed","ping_status":"closed","template":"","meta":{"footnotes":""},"class_list":["post-261","page","type-page","status-publish","hentry"],"_links":{"self":[{"href":"https:\/\/eglise-orthodoxe-autocephale-syro-antiochienne.eu\/index.php?rest_route=\/wp\/v2\/pages\/261","targetHints":{"allow":["GET"]}}],"collection":[{"href":"https:\/\/eglise-orthodoxe-autocephale-syro-antiochienne.eu\/index.php?rest_route=\/wp\/v2\/pages"}],"about":[{"href":"https:\/\/eglise-orthodoxe-autocephale-syro-antiochienne.eu\/index.php?rest_route=\/wp\/v2\/types\/page"}],"author":[{"embeddable":true,"href":"https:\/\/eglise-orthodoxe-autocephale-syro-antiochienne.eu\/index.php?rest_route=\/wp\/v2\/users\/2"}],"replies":[{"embeddable":true,"href":"https:\/\/eglise-orthodoxe-autocephale-syro-antiochienne.eu\/index.php?rest_route=%2Fwp%2Fv2%2Fcomments&post=261"}],"version-history":[{"count":1,"href":"https:\/\/eglise-orthodoxe-autocephale-syro-antiochienne.eu\/index.php?rest_route=\/wp\/v2\/pages\/261\/revisions"}],"predecessor-version":[{"id":262,"href":"https:\/\/eglise-orthodoxe-autocephale-syro-antiochienne.eu\/index.php?rest_route=\/wp\/v2\/pages\/261\/revisions\/262"}],"wp:attachment":[{"href":"https:\/\/eglise-orthodoxe-autocephale-syro-antiochienne.eu\/index.php?rest_route=%2Fwp%2Fv2%2Fmedia&parent=261"}],"curies":[{"name":"wp","href":"https:\/\/api.w.org\/{rel}","templated":true}]}}