{"id":266,"date":"2021-03-06T14:07:28","date_gmt":"2021-03-06T13:07:28","guid":{"rendered":"https:\/\/eglise-orthodoxe-autocephale-syro-antiochienne.eu\/?page_id=266"},"modified":"2021-11-18T18:32:24","modified_gmt":"2021-11-18T17:32:24","slug":"une-foi-mille-questions","status":"publish","type":"page","link":"https:\/\/eglise-orthodoxe-autocephale-syro-antiochienne.eu\/?page_id=266","title":{"rendered":"UNE FOI, MILLE QUESTIONS"},"content":{"rendered":"\n<p>RUBIQUE \/ FAMILLE CHRETIENNE N\u00b01028 DU 25 SEPTEMBRE 1997 ET DU N\u00b0 1029 DU 2 OCTOBRE 1997<\/p>\n\n\n\n<figure class=\"wp-block-image size-large is-resized\"><img loading=\"lazy\" decoding=\"async\" src=\"https:\/\/eglise-orthodoxe-autocephale-syro-antiochienne.eu\/wp-content\/uploads\/2021\/03\/image-21-440x1024.png\" alt=\"\" class=\"wp-image-268\" width=\"864\" height=\"2011\" srcset=\"https:\/\/eglise-orthodoxe-autocephale-syro-antiochienne.eu\/wp-content\/uploads\/2021\/03\/image-21-440x1024.png 440w, https:\/\/eglise-orthodoxe-autocephale-syro-antiochienne.eu\/wp-content\/uploads\/2021\/03\/image-21-129x300.png 129w, https:\/\/eglise-orthodoxe-autocephale-syro-antiochienne.eu\/wp-content\/uploads\/2021\/03\/image-21-768x1788.png 768w, https:\/\/eglise-orthodoxe-autocephale-syro-antiochienne.eu\/wp-content\/uploads\/2021\/03\/image-21-660x1536.png 660w, https:\/\/eglise-orthodoxe-autocephale-syro-antiochienne.eu\/wp-content\/uploads\/2021\/03\/image-21-880x2048.png 880w, https:\/\/eglise-orthodoxe-autocephale-syro-antiochienne.eu\/wp-content\/uploads\/2021\/03\/image-21.png 983w\" sizes=\"auto, (max-width: 767px) 89vw, (max-width: 1000px) 54vw, (max-width: 1071px) 543px, 580px\" \/><\/figure>\n\n\n\n<figure class=\"wp-block-image size-large is-resized\"><img loading=\"lazy\" decoding=\"async\" src=\"https:\/\/eglise-orthodoxe-autocephale-syro-antiochienne.eu\/wp-content\/uploads\/2021\/03\/image-22-469x1024.png\" alt=\"\" class=\"wp-image-269\" width=\"870\" height=\"1900\" srcset=\"https:\/\/eglise-orthodoxe-autocephale-syro-antiochienne.eu\/wp-content\/uploads\/2021\/03\/image-22-469x1024.png 469w, https:\/\/eglise-orthodoxe-autocephale-syro-antiochienne.eu\/wp-content\/uploads\/2021\/03\/image-22-137x300.png 137w, https:\/\/eglise-orthodoxe-autocephale-syro-antiochienne.eu\/wp-content\/uploads\/2021\/03\/image-22-768x1678.png 768w, https:\/\/eglise-orthodoxe-autocephale-syro-antiochienne.eu\/wp-content\/uploads\/2021\/03\/image-22-703x1536.png 703w, https:\/\/eglise-orthodoxe-autocephale-syro-antiochienne.eu\/wp-content\/uploads\/2021\/03\/image-22.png 1054w\" sizes=\"auto, (max-width: 767px) 89vw, (max-width: 1000px) 54vw, (max-width: 1071px) 543px, 580px\" \/><\/figure>\n\n\n\n<p class=\"has-text-align-center\"><strong>Faire dire une messe (OFFICES POUR LES DEFUNTS appel\u00e9 PANYKHIDE) \u00e0 l\u2019intention d\u2019un d\u00e9funt,                   combien \u00e7a co\u00fbte ?<\/strong><br>La p\u00e9riode de la Toussaint est souvent l&rsquo;occasion de \u00ab\u00a0faire dire des messes\u00a0\u00bb ( Panykhide )  \u00e0 l&rsquo;intention des d\u00e9funts de nos familles. Quelles sont les d\u00e9marches \u00e0 entreprendre et combien cela co\u00fbte ?<br>Le lendemain de la Toussaint, le 2 novembre, les chr\u00e9tiens comm\u00e9morent tous les fid\u00e8les d\u00e9funts. C\u2019est le temps pour de nombreuses personnes de se rendre au cimeti\u00e8re, de fleurir les tombes de leurs familles et de prier pour ceux qui ne sont plus de ce monde. C\u2019est aussi l\u2019occasion de faire dire des messes ( Panykhide ) pour des proches d\u00e9c\u00e9d\u00e9s. Pourquoi et comment faire dire une messe ( Panykhide ) pour les d\u00e9funts ? Quel est le co\u00fbt de cette d\u00e9marche ?<br><strong>Pourquoi faire dire une messe  ( Panykhide ) ?<br><\/strong>Toute messe ( Panykhide ) est une action de gr\u00e2ce pour le sacrifice de J\u00e9sus qui r\u00e9concilie les hommes avec son P\u00e8re. Une messe ( Panykhide ) est donc toujours c\u00e9l\u00e9br\u00e9e \u00ab pour tous \u00bb. Cependant, l\u2019\u00c9glise permet aux fid\u00e8les de s\u2019associer plus \u00e9troitement \u00e0 ce sacrifice en confiant au pr\u00eatre une intention particuli\u00e8re lors d\u2019une c\u00e9l\u00e9bration eucharistique. Faire dire une messe ( Panykhide )  pour une intention particuli\u00e8re est une mani\u00e8re de participer plus intens\u00e9ment \u00e0 la c\u00e9r\u00e9monie.<br>Il est possible de prier pour de nombreuses intentions, mais la plus courante est celle pour les d\u00e9funts. Pourquoi prier particuli\u00e8rement pour nos d\u00e9funts ? Comme l\u2019explique le Cat\u00e9chisme de l\u2019\u00c9glise catholique, \u00ab d\u00e8s les premiers temps, l\u2019\u00c9glise a honor\u00e9 la m\u00e9moire des d\u00e9funts et offert des suffrages en leur faveur, en particulier le sacrifice eucharistique, afin que, purifi\u00e9s, ils puissent parvenir \u00e0 la vision b\u00e9atifique de Dieu. \u00bb (CEC 1032). En offrant une messe ( Panykhide ) , nous aidons les d\u00e9funts \u00e0 acc\u00e9der \u00e0 la pl\u00e9nitude de la lumi\u00e8re de Dieu gr\u00e2ce \u00e0 la puissance du sacrifice eucharistique.<br>\u00ab Ceux qui meurent dans la gr\u00e2ce et l\u2019amiti\u00e9 de Dieu, mais imparfaitement purifi\u00e9s, bien qu\u2019assur\u00e9s de leur salut \u00e9ternel, souffrent apr\u00e8s leur mort une purification, afin d\u2019obtenir la saintet\u00e9 n\u00e9cessaire pour entrer dans la joie du Ciel \u00bb, pr\u00e9cise encore le Cat\u00e9chisme de l\u2019\u00c9glise catholique. La pri\u00e8re permettra donc aux d\u00e9funts d\u2019\u00e9courter leur temps passer au purgatoire afin qu\u2019ils soient plus rapidement dans le Ciel avec le Christ.<br><strong>Comment faire dire une messe (Panykhide )  ?<\/strong><br>Lorsqu\u2019un fid\u00e8le souhaite faire dire une messe ( Panykhide )  pour l\u2019un des d\u00e9funts de sa famille, les d\u00e9marches \u00e0 entreprendre sont assez simples. Il suffit de s\u2019adresser directement \u00e0 la paroisse, soit au secr\u00e9tariat, soit directement au pr\u00eatre afin de fixer une date. Souvent, les paroissiens choisissent la date du dimanche car ils peuvent \u00eatre pr\u00e9sents \u00e0 la messe ( Panykhide )  ce jour-l\u00e0. Se pose alors la question du \u00ab prix \u00bb de la messe ( Panykhide ) .<br><strong>Combien co\u00fbte de faire dire une messe ( Panykhide ) ?<\/strong><br>Le montant de l\u2019offrande est propos\u00e9 par l\u2019Assembl\u00e9e des \u00c9v\u00eaques. Actuellement, il s\u2019\u00e9l\u00e8ve \u00e0 18 euros par messe            ( Panykhide ). Il est possible de donner plus ou moins, selon la situation de chacun. Mais en aucun cas la gr\u00e2ce re\u00e7ue ne d\u00e9pendra de la somme ! Ce montant n\u2019est donn\u00e9 qu\u2019\u00e0 titre indicatif et toute participation, si modeste soit-elle, est pr\u00e9cieuse. Elle peut \u00eatre consid\u00e9r\u00e9e comme une participation aux divers frais engag\u00e9s pour faire fonctionner la paroisse, tels que l\u2019\u00e9clairage, la sonorisation, le chauffage, l\u2019entretien, le fleurissement et tout autre frais.<br>M\u00eame si ce montant de 18 euros peut \u00eatre consid\u00e9r\u00e9 comme le co\u00fbt de la messe ( Panykhide ), il faut tout de m\u00eame rappeler que la messe ( Panykhide ) n\u2019a pas de \u00ab prix \u00bb. On n\u2019ach\u00e8te pas une messe ( Panykhide ) . Il est d\u2019ailleurs plus juste de parler d\u2019offrande plut\u00f4t que de prix. L\u2019offrande pour la messe ( Panykhide ) est inscrite dans la tradition. D\u00e8s les origines, les fid\u00e8les ont voulu participer \u00e0 l\u2019Eucharistie par des offrandes en nature ou en esp\u00e8ces, destin\u00e9es \u00e0 assurer les frais du culte, la subsistance des pr\u00eatres, la vie de l\u2019\u00c9glise. C\u2019est l\u2019origine de la pratique des \u00ab honoraires de messe ( Panykhide ) \u00bb, qui date du VIIIe si\u00e8cle et qui s\u2019enracine dans l\u2019Ancien Testament o\u00f9 le pr\u00eatre recevait une part des sacrifices faits \u00e0 Dieu. <strong>Le pr\u00eatre doit toujours pouvoir<\/strong> <strong>\u00ab vivre de l\u2019autel \u00bb<\/strong>. La vie mat\u00e9rielle de l\u2019\u00c9glise et de son clerg\u00e9 repose donc sur cette contribution volontaire des fid\u00e8les.<br>Faire dire une messe ( Panykhide ), c\u2019est un acte de foi en la puissance du sacrifice du Christ sur la Croix et en la pri\u00e8re de l\u2019\u00c9glise. En m\u00eame temps qu\u2019un beau geste de partage de la part des fid\u00e8les pour assurer la vie de leur \u00c9glise.<br>Il va enfin de soi que cette offrande n\u2019est nullement obligatoire. Vous pouvez donc demander au pr\u00eatre de prier \u00e0 une intention particuli\u00e8re sans faire d\u2019offrande, et il r\u00e9pondra bien \u00e9videmment \u00e0 votre demande.<\/p>\n\n\n\n<p><strong>RUBRIQUE REPRIS SUR Aleteia <br>Jeudi 18 novembre 2021 |<br>Sainte Rose-Philippine Duchesne<\/strong><\/p>\n\n\n\n<p class=\"has-text-align-center\"><strong>Combien co\u00fbte une messe d\u2019enterrement ?<\/strong><\/p>\n\n\n\n<p>Comment la c\u00e9l\u00e9bration des fun\u00e9railles permet-elle aux fid\u00e8les de dire \u00ab \u00e0-Dieu \u00bb au d\u00e9funt ? Quelles d\u00e9marches entreprendre pour organiser des obs\u00e8ques ?<br>La perte d\u2019un proche est une \u00e9tape douloureuse et s\u2019accompagne rapidement de l\u2019organisation des fun\u00e9railles. La messe d\u2019enterrement permet de rendre hommage au d\u00e9funt, prier pour le salut de son \u00e2me et de le recommander \u00e0 Dieu dans l\u2019esp\u00e9rance de la r\u00e9surrection.<\/p>\n\n\n\n<p>Les fun\u00e9railles sont la derni\u00e8re P\u00e2que du chr\u00e9tien, p\u00e2que \u00e9tant pris dans sa signification d\u2019origine h\u00e9bra\u00efque \u00ab Pessa\u2019h \u00bb qui signifie passage. Comme nous l\u2019explique le Cat\u00e9chisme de l\u2019\u00c9glise Catholique \u00ab tous les sacrements et principalement ceux de l\u2019initiation chr\u00e9tienne avaient pour but la derni\u00e8re P\u00e2que de l\u2019enfant de Dieu, celle qui par la mort le fait entrer dans la Vie du Royaume \u00bb (CEC 1680). S\u2019accomplit alors ce que les fid\u00e8les r\u00e9citent lors du Credo : \u00ab J\u2019attends la r\u00e9surrection et la vie du monde \u00e0 venir. \u00bb<\/p>\n\n\n\n<p>Symboliquement, la c\u00e9l\u00e9bration de fun\u00e9railles propose \u00e0 la famille et \u00e0 l\u2019assembl\u00e9e un cheminement pour accompagner le d\u00e9funt et leur permettre de faire leur deuil. Au cours du premier temps de la c\u00e9l\u00e9bration, il est fait m\u00e9moire de la vie du d\u00e9funt, de son bapt\u00eame. Puis l\u2019assembl\u00e9e est invit\u00e9e \u00e0 se d\u00e9centrer d\u2019elle-m\u00eame, de sa peine et de ses interrogations pour se mettre \u00e0 l\u2019\u00e9coute de la Parole, qui annonce que la mort est un passage vers une vie nouvelle. L\u2019assembl\u00e9e peut alors rendre gr\u00e2ce pour enfin repartir dans la confiance et l\u2019esp\u00e9rance apr\u00e8s avoir remis entre les mains du Seigneur celui ou celle qu\u2019elle aime.<\/p>\n\n\n\n<p class=\"has-text-align-center\"><strong>Comment organiser une messe d\u2019enterrement ?<\/strong><\/p>\n\n\n\n<p>Lors de la perte d\u2019un parent, l\u2019\u00c9glise est l\u00e0 pour accompagner les fid\u00e8les dans ces moments douloureux. Pour organiser les fun\u00e9railles d\u2019un membre de votre famille, il vous suffit de vous rendre au secr\u00e9tariat de votre paroisse ou de celle du d\u00e9funt. Vous serez alors accueilli par les membres de l\u2019\u00e9quipe paroissiale en charge de l\u2019organisation des messes d\u2019enterrement. L\u2019\u00e9quipe vous \u00e9coutera et vous guidera dans la pr\u00e9paration de la c\u00e9r\u00e9monie en vous d\u00e9chargeant, si vous le souhaitez, des questions pratiques et mat\u00e9rielles. Selon les paroisses, des b\u00e9n\u00e9voles pourront prendre en charge une partie de l\u2019organisation de la c\u00e9r\u00e9monie : ouverture de l\u2019\u00e9glise, disposition des bancs, des fleurs, animation des chants. Le pr\u00eatre est lui aussi disponible pour recevoir les familles et accueillir leur douleur.<\/p>\n\n\n\n<p>L\u2019offrande propos\u00e9e par l\u2019\u00c9glise pour une messe de fun\u00e9railles se situe entre 120 euros et 300 euros. Cette offrande sera affect\u00e9e aux frais de fonctionnement de la paroisse. Cette offrande n\u2019est bien \u00e9videmment pas obligatoire et peut \u00eatre de quelques euros symboliques en fonction de chaque situation. L\u2019\u00c9glise catholique ne re\u00e7oit aucune subvention ou aide financi\u00e8re. La g\u00e9n\u00e9rosit\u00e9 des fid\u00e8les est donc l\u2019unique ressource.<\/p>\n","protected":false},"excerpt":{"rendered":"<p>RUBIQUE \/ FAMILLE CHRETIENNE N\u00b01028 DU 25 SEPTEMBRE 1997 ET DU N\u00b0 1029 DU 2 OCTOBRE 1997 Faire dire une messe (OFFICES POUR LES DEFUNTS appel\u00e9 PANYKHIDE) \u00e0 l\u2019intention d\u2019un d\u00e9funt, combien \u00e7a co\u00fbte ?La p\u00e9riode de la Toussaint est souvent l&rsquo;occasion de \u00ab\u00a0faire dire des messes\u00a0\u00bb ( Panykhide ) \u00e0 l&rsquo;intention des d\u00e9funts de &hellip; <\/p>\n<p class=\"link-more\"><a href=\"https:\/\/eglise-orthodoxe-autocephale-syro-antiochienne.eu\/?page_id=266\" class=\"more-link\">Continuer la lecture<span class=\"screen-reader-text\"> de &laquo;&nbsp;UNE FOI, MILLE QUESTIONS&nbsp;&raquo;<\/span><\/a><\/p>\n","protected":false},"author":2,"featured_media":0,"parent":0,"menu_order":0,"comment_status":"closed","ping_status":"closed","template":"","meta":{"footnotes":""},"class_list":["post-266","page","type-page","status-publish","hentry"],"_links":{"self":[{"href":"https:\/\/eglise-orthodoxe-autocephale-syro-antiochienne.eu\/index.php?rest_route=\/wp\/v2\/pages\/266","targetHints":{"allow":["GET"]}}],"collection":[{"href":"https:\/\/eglise-orthodoxe-autocephale-syro-antiochienne.eu\/index.php?rest_route=\/wp\/v2\/pages"}],"about":[{"href":"https:\/\/eglise-orthodoxe-autocephale-syro-antiochienne.eu\/index.php?rest_route=\/wp\/v2\/types\/page"}],"author":[{"embeddable":true,"href":"https:\/\/eglise-orthodoxe-autocephale-syro-antiochienne.eu\/index.php?rest_route=\/wp\/v2\/users\/2"}],"replies":[{"embeddable":true,"href":"https:\/\/eglise-orthodoxe-autocephale-syro-antiochienne.eu\/index.php?rest_route=%2Fwp%2Fv2%2Fcomments&post=266"}],"version-history":[{"count":16,"href":"https:\/\/eglise-orthodoxe-autocephale-syro-antiochienne.eu\/index.php?rest_route=\/wp\/v2\/pages\/266\/revisions"}],"predecessor-version":[{"id":566,"href":"https:\/\/eglise-orthodoxe-autocephale-syro-antiochienne.eu\/index.php?rest_route=\/wp\/v2\/pages\/266\/revisions\/566"}],"wp:attachment":[{"href":"https:\/\/eglise-orthodoxe-autocephale-syro-antiochienne.eu\/index.php?rest_route=%2Fwp%2Fv2%2Fmedia&parent=266"}],"curies":[{"name":"wp","href":"https:\/\/api.w.org\/{rel}","templated":true}]}}