{"id":290,"date":"2021-03-06T15:36:04","date_gmt":"2021-03-06T14:36:04","guid":{"rendered":"https:\/\/eglise-orthodoxe-autocephale-syro-antiochienne.eu\/?page_id=290"},"modified":"2021-03-06T15:36:04","modified_gmt":"2021-03-06T14:36:04","slug":"succession-apostolique-catholique-orthodoxe","status":"publish","type":"page","link":"https:\/\/eglise-orthodoxe-autocephale-syro-antiochienne.eu\/?page_id=290","title":{"rendered":"SUCCESSION APOSTOLIQUE CATHOLIQUE ORTHODOXE"},"content":{"rendered":"\n<div class=\"wp-block-image\"><figure class=\"aligncenter size-large\"><img loading=\"lazy\" decoding=\"async\" width=\"406\" height=\"514\" src=\"https:\/\/eglise-orthodoxe-autocephale-syro-antiochienne.eu\/wp-content\/uploads\/2021\/03\/image-27.png\" alt=\"\" class=\"wp-image-291\" srcset=\"https:\/\/eglise-orthodoxe-autocephale-syro-antiochienne.eu\/wp-content\/uploads\/2021\/03\/image-27.png 406w, https:\/\/eglise-orthodoxe-autocephale-syro-antiochienne.eu\/wp-content\/uploads\/2021\/03\/image-27-237x300.png 237w\" sizes=\"auto, (max-width: 406px) 100vw, 406px\" \/><\/figure><\/div>\n\n\n\n<p>&nbsp;SUCCESSION APOSTOLIQUE<br>DE L&rsquo;EGLISE CATHOLIQUE APOSTOLIQUE ORTHODOXE<\/p>\n\n\n\n<p>La Succession Apostolique PREND SES DANS origines&nbsp;Le Patriarcat d&rsquo;Antioche et Est la m\u00eame&nbsp;jusqu\u2019\u00e0 &lsquo;&nbsp;Mar&nbsp;Paul II,&nbsp;\u00a0\u00bb&nbsp;Gulotti Miraglia&nbsp;\u00a0\u00bb&nbsp;en&nbsp;1900&nbsp;AD.<\/p>\n\n\n\n<p>Notre&nbsp;Seigneur JESUS&nbsp;le&nbsp;CHRIST<\/p>\n\n\n\n<p>Anno&nbsp;DominiA.&nbsp;D<\/p>\n\n\n\n<p>Saint-\u00a0Pierre\u00a0Ap\u00f4tre L&rsquo;38<br>2\u00a0Evodius 44<br>3 Ignacius 68<br>4 Earon 107\u00a0<br>5 Cornelius 137\u00a0<br>6 Eados 142<br>7\u00a0Theophilus157<br>8\u00a0Maximin171<br>9\u00a0Seraphim179<br>10\u00a0Asclepiades189<br>11\u00a0Philippe201<br>12\u00a0Zebinus219<br>13\u00a0Babylas237<br>14\u00a0Fabius250<br>15\u00a0Demetrius251<br>16\u00a0Paul\u00a0I259<br>17\u00a0Dominus\u00a0I 270<br>18\u00a0Timothee281<br>19\u00a0Cirylus291<br>20\u00a0Tyrantus296<br>21\u00a0Vitalius30122\u00a0Philogonius318<br>23\u00a0Eustachius323<br>24\u00a0Paulin338<br>25\u00a0Melece352<br>26\u00a0Philabinus383<br>27\u00a0Evagrius386<br>28\u00a0Phosphorius416<br>29\u00a0Alexandre418<br>30\u00a0Jean\u00a0I 428<br>31\u00a0Theodote431<br>32\u00a0Dominus\u00a0II 442<br>33\u00a0Maxime450<br>34\u00a0Accace454<br>35\u00a0Martyrius457<br>36\u00a0Pierre\u00a0II 464<br>37\u00a0Philade500<br>38\u00a0Severius509<br>39\u00a0Sergius544<br>40\u00a0Dominus\u00a0III 547<br>41\u00a0Anastase560<br>42\u00a0Gregoire\u00a0I564<br>43\u00a0Paul\u00a0II 567<br>44\u00a0Patra571<br>45\u00a0Dominus\u00a0IV 586<br>46\u00a0Julien\u00a0I 591<br>47\u00a0Athanase\u00a0I 595<br>48\u00a0Jean\u00a0II 636<br>49\u00a0Theodore\u00a0II 649<br>50\u00a0Serverus668<br>51\u00a0Athanase\u00a0II 684<br>52\u00a0Julien\u00a0II 687<br>53\u00a0Elie\u00a0I 709<br>54\u00a0Athanase\u00a0III 724<br>55\u00a0Evanius\u00a0I 740<br>56\u00a0Servas\u00a0I759<br>57\u00a0Joseph790<br>58\u00a0Cyriaque793<br>59\u00a0Denys\u00a0I818<br>60\u00a0Jean\u00a0III 847<br>61\u00a0Ignace\u00a0II 877<br>62\u00a0Th\u00e9odose887<br>63\u00a0Denys\u00a0II 897<br>64\u00a0Jean\u00a0IV 910<br>65\u00a0Basile\u00a0I 922<br>66\u00a0Jean\u00a0V 936<br>67\u00a0Evanius\u00a0II 954<br>68\u00a0Denys\u00a0III 958<br>69\u00a0Abraham\u00a0I 962<br>70\u00a0Jean\u00a0VI 965<br>71\u00a0Athanase\u00a0IV 98772\u00a0Jean\u00a0VII 1004<br>73\u00a0Denys\u00a0IV 1032<br>74\u00a0Theodore\u00a0II 1042<br>75\u00a0Athanase\u00a0V 1058<br>76\u00a0Jean\u00a0VIII 1064<br>77\u00a0Basile\u00a0II 1074<br>78\u00a0Abdon1076<br>79\u00a0Denys\u00a0V 1077<br>80\u00a0Evanius\u00a0III 1080<br>81\u00a0Denys\u00a0VI 1088<br>82\u00a0Athanase\u00a0VI 1091<br>83\u00a0Jean\u00a0IX 1131<br>84\u00a0Athanase\u00a0VII 1139<br>85\u00a0Michel\u00a0I 1166<br>86\u00a0Athanase\u00a0VIII 1200<br>87\u00a0Michel\u00a0II 1207<br>88\u00a0Jean\u00a0X 1208<br>89\u00a0Ignace\u00a0III 1223<br>90\u00a0Denys\u00a0VII 1253<br>91\u00a0Jean\u00a0XI 1253<br>92\u00a0Ignace\u00a0IV 1264<br>93\u00a0Philanus1283<br>94\u00a0Ignace\u00a0Barhid1293<br>95\u00a0Ignace\u00a0Ismael1333<br>96\u00a0Ignace\u00a0Basile\u00a0III 1366<br>97\u00a0Ignace\u00a0Abraham\u00a0II 1382<br>98\u00a0Ignace\u00a0Basile\u00a0IV 1412<br>99\u00a0Ignace\u00a0Bahanam\u00a0I 1,415<br>100\u00a0Ignace\u00a0Kalejib1455<br>101\u00a0Ignace\u00a0Jean1483<br>102\u00a0Ignace\u00a0Noe1,492<br>103\u00a0Ignace\u00a0J\u00e9sus\u00a0I 1.509<br>104\u00a0Ignace\u00a0Jacques\u00a0I 1 510<br>105\u00a0Ignace\u00a0David\u00a0I 1.519<br>106\u00a0Ignace\u00a0Abdullah\u00a0I 1 520<br>107 Ignace\u00a0Une\u00a0Athalak1.557<br>108\u00a0Ignace\u00a0David\u00a0II 1 576<br>109\u00a0Ignace\u00a0Philatus1 591<br>110 Ignace\u00a0Abdullah\u00a0II 1 597<br>111\u00a0Ignace\u00a0Caddhai1.598<br>112\u00a0Ignace\u00a0Simeon1.640<br>113\u00a0Ignace\u00a0J\u00e9sus\u00a0II1653<br>114 Ignace\u00a0Amesiah\u00a0I1,663<br>115\u00a0Ignace\u00a0Cabeed1.686<br>116 Ignace\u00a0Gervais\u00a0II 1687<br>117\u00a0Ignace\u00a0Isaac1.708<br>118\u00a0Ignace\u00a0Siccarablak1,722<br>119 Ignace\u00a0Gervais\u00a0III1 746<br>120 Ignace\u00a0Gervais\u00a0IV1 768<br>121\u00a0Ignace\u00a0Mathias1781\u00a0A.\u00a0D.<br>122\u00a0Ignace\u00a0Bahanam\u00a0II1810\u00a0A.\u00a0D.<br>123\u00a0Ignace\u00a0Jonas1817\u00a0A.\u00a0D.<br>124\u00a0Ignace\u00a0Gervais\u00a0V1818\u00a0A.\u00a0D.<br>125\u00a0Ignace\u00a0Elie\u00a0II1839\u00a0A.\u00a0D.<br>126\u00a0Ignace\u00a0Jacques\u00a0II1847\u00a0A.\u00a0D.<br>127\u00a0Ignace\u00a0Pierre\u00a0III \u00ab\u00a0Mgr\u00a0Bedros \u00ab\u00a01872\u00a0A.\u00a0D.<br>128\u00a0Mar\u00a0Paul\u00a0I\u00a0\u00a0\u00bb\u00a0Athanase\u00a0\u00ab\u00a01877\u00a0A.\u00a0<br>129\u00a0Mar\u00a0Julius\u00a0I\u00a0\u00a0\u00bb\u00a0Alvarez\u00a0J.\u00a0\u00ab\u00a01889\u00a0A.\u00a0D.<br>130\u00a0Mar\u00a0Timothee\u00a0I\u00a0\u00ab\u00a0Joseph\u00a0Ren\u00e9\u00a0Vilatte \u00ab\u00a01892\u00a0A.\u00a0D.<br>131\u00a0Mar\u00a0Paul\u00a0II\u00a0\u00ab\u00a0Gulotti\u00a0Miraglia \u00ab\u00a01900\u00a0A.\u00a0Ev\u00eaque de PIANCENZA, qui le 4 D\u00e9cembre 1904 consacre :<br>132 Mar Julius, qui le 4 juin 1911 consacre :<br>133 Mar Louis Archev\u00eaque d\u2019ALMYRE, qui le 28 d\u00e9cembre 1921 consacre:<br>134 Mar Petrus , qui le 9 juin 1924 consacre :<br>135 Mar Timotheus II THIESSEN, qui le 7 avril 1949 consacre :<br>136 Mar Justinius pour l\u2019Eparchie Orthodoxe d\u2019AQUILA, qui le 25 janvier 1953 consacre :<br>137 Mar Joannes Maria Blom Van Assendeleft Archev\u00eaque pour les Gaules Elu Patriarche par le Saint Synode le 1 d\u00e9cembre 1957, consacre :<br>138 Joannes Maria Taddei Archev\u00eaque Primat d\u2019Italie, qui le 15 octobre 1961 consacre :<br>139 Goffrede Angelo Balostro Ev\u00eaque Vicaire Primatial d\u2019Italie, qui en 1971 consacre:<br>140 Boris Le Mage Tomotcenko Visiteur Apostolique Elu 2\u00b0em. Patriarche, la m\u00eame ann\u00e9e par le Saint Synode en remplacement de JOANNES VAN ASSENDELFT DEMISSIONNAIRE, est couronn\u00e9 le 29 septembre 1971.<br>141 Mar Boris1 Le Mage Tomtcenko 2\u00b0 Patriarches Des Eglises Autoc\u00e9phale Syro-Antiochienne d\u2019Europe et Missions, qui consacre\u00a0: le 13 mai 2001 Monseigneur DOMINIQUE MAIO \u00e9v\u00eaque Primat.<br>Le 11 mars 2017 la Mission Syro-Antiochienne d\u2019Italie Monseigneur Efrem Lima et les autres \u00e9v\u00eaques pr\u00e9sents lors de l\u2019Assembl\u00e9e Synodale on nomm\u00e9 Monseigneur DOMINIQUE MAIO EXARQUE DE FRANCE \u2013 CAMEROUN &#8211; AFRIQUE<\/p>\n","protected":false},"excerpt":{"rendered":"<p>&nbsp;SUCCESSION APOSTOLIQUEDE L&rsquo;EGLISE CATHOLIQUE APOSTOLIQUE ORTHODOXE La Succession Apostolique PREND SES DANS origines&nbsp;Le Patriarcat d&rsquo;Antioche et Est la m\u00eame&nbsp;jusqu\u2019\u00e0 &lsquo;&nbsp;Mar&nbsp;Paul II,&nbsp;\u00a0\u00bb&nbsp;Gulotti Miraglia&nbsp;\u00a0\u00bb&nbsp;en&nbsp;1900&nbsp;AD. Notre&nbsp;Seigneur JESUS&nbsp;le&nbsp;CHRIST Anno&nbsp;DominiA.&nbsp;D Saint-\u00a0Pierre\u00a0Ap\u00f4tre L&rsquo;382\u00a0Evodius 443 Ignacius 684 Earon 107\u00a05 Cornelius 137\u00a06 Eados 1427\u00a0Theophilus1578\u00a0Maximin1719\u00a0Seraphim17910\u00a0Asclepiades18911\u00a0Philippe20112\u00a0Zebinus21913\u00a0Babylas23714\u00a0Fabius25015\u00a0Demetrius25116\u00a0Paul\u00a0I25917\u00a0Dominus\u00a0I 27018\u00a0Timothee28119\u00a0Cirylus29120\u00a0Tyrantus29621\u00a0Vitalius30122\u00a0Philogonius31823\u00a0Eustachius32324\u00a0Paulin33825\u00a0Melece35226\u00a0Philabinus38327\u00a0Evagrius38628\u00a0Phosphorius41629\u00a0Alexandre41830\u00a0Jean\u00a0I 42831\u00a0Theodote43132\u00a0Dominus\u00a0II 44233\u00a0Maxime45034\u00a0Accace45435\u00a0Martyrius45736\u00a0Pierre\u00a0II 46437\u00a0Philade50038\u00a0Severius50939\u00a0Sergius54440\u00a0Dominus\u00a0III 54741\u00a0Anastase56042\u00a0Gregoire\u00a0I56443\u00a0Paul\u00a0II 56744\u00a0Patra57145\u00a0Dominus\u00a0IV 58646\u00a0Julien\u00a0I 59147\u00a0Athanase\u00a0I 59548\u00a0Jean\u00a0II 63649\u00a0Theodore\u00a0II 64950\u00a0Serverus66851\u00a0Athanase\u00a0II 68452\u00a0Julien\u00a0II 68753\u00a0Elie\u00a0I 70954\u00a0Athanase\u00a0III 72455\u00a0Evanius\u00a0I 74056\u00a0Servas\u00a0I75957\u00a0Joseph79058\u00a0Cyriaque79359\u00a0Denys\u00a0I81860\u00a0Jean\u00a0III 84761\u00a0Ignace\u00a0II 87762\u00a0Th\u00e9odose88763\u00a0Denys\u00a0II 89764\u00a0Jean\u00a0IV &hellip; <\/p>\n<p class=\"link-more\"><a href=\"https:\/\/eglise-orthodoxe-autocephale-syro-antiochienne.eu\/?page_id=290\" class=\"more-link\">Continuer la lecture<span class=\"screen-reader-text\"> de &laquo;&nbsp;SUCCESSION APOSTOLIQUE CATHOLIQUE ORTHODOXE&nbsp;&raquo;<\/span><\/a><\/p>\n","protected":false},"author":2,"featured_media":0,"parent":0,"menu_order":0,"comment_status":"closed","ping_status":"closed","template":"","meta":{"footnotes":""},"class_list":["post-290","page","type-page","status-publish","hentry"],"_links":{"self":[{"href":"https:\/\/eglise-orthodoxe-autocephale-syro-antiochienne.eu\/index.php?rest_route=\/wp\/v2\/pages\/290","targetHints":{"allow":["GET"]}}],"collection":[{"href":"https:\/\/eglise-orthodoxe-autocephale-syro-antiochienne.eu\/index.php?rest_route=\/wp\/v2\/pages"}],"about":[{"href":"https:\/\/eglise-orthodoxe-autocephale-syro-antiochienne.eu\/index.php?rest_route=\/wp\/v2\/types\/page"}],"author":[{"embeddable":true,"href":"https:\/\/eglise-orthodoxe-autocephale-syro-antiochienne.eu\/index.php?rest_route=\/wp\/v2\/users\/2"}],"replies":[{"embeddable":true,"href":"https:\/\/eglise-orthodoxe-autocephale-syro-antiochienne.eu\/index.php?rest_route=%2Fwp%2Fv2%2Fcomments&post=290"}],"version-history":[{"count":1,"href":"https:\/\/eglise-orthodoxe-autocephale-syro-antiochienne.eu\/index.php?rest_route=\/wp\/v2\/pages\/290\/revisions"}],"predecessor-version":[{"id":292,"href":"https:\/\/eglise-orthodoxe-autocephale-syro-antiochienne.eu\/index.php?rest_route=\/wp\/v2\/pages\/290\/revisions\/292"}],"wp:attachment":[{"href":"https:\/\/eglise-orthodoxe-autocephale-syro-antiochienne.eu\/index.php?rest_route=%2Fwp%2Fv2%2Fmedia&parent=290"}],"curies":[{"name":"wp","href":"https:\/\/api.w.org\/{rel}","templated":true}]}}