{"id":297,"date":"2021-03-06T15:47:26","date_gmt":"2021-03-06T14:47:26","guid":{"rendered":"https:\/\/eglise-orthodoxe-autocephale-syro-antiochienne.eu\/?page_id=297"},"modified":"2021-03-06T15:47:27","modified_gmt":"2021-03-06T14:47:27","slug":"succession-apostolique-syrienne-malankar","status":"publish","type":"page","link":"https:\/\/eglise-orthodoxe-autocephale-syro-antiochienne.eu\/?page_id=297","title":{"rendered":"SUCCESSION APOSTOLIQUE SYRIENNE MALANKAR"},"content":{"rendered":"\n<p>SYRIENNE-MALANKAR<\/p>\n\n\n\n<p>L&rsquo;ap\u00f4tre saint Thomas et les indig\u00e8nes indiens premier christianisme pr\u00each\u00e9 en Inde \u00c9glise a \u00e9t\u00e9 appel\u00e9 \u00ab\u00a0Le Chris&nbsp;Chr\u00e9tiens de Saint-Thomas \u00ab\u00a0.\u00catre avec un \u00e9v\u00eaque, le Saint Thomas Christians SECE&nbsp;de dans certains num\u00e9ros en 1665 et se sont plac\u00e9es sous la juridiction du Patriarcat orthodoxe syrien d&rsquo;&nbsp;Antioche .L&rsquo;origine de qui est donn\u00e9e dans le tableau I, \u00e0 partir de qui ne voient-ils r\u00e9cepteur&nbsp;d\u2019une hi\u00e9rarchie et ont \u00e9t\u00e9 par la suite appel\u00e9 l&rsquo;\u00c9glise syro-orthodoxe de Malankar, \u00e9tant sous la juridiction de ces patriarches d&rsquo;Antioche: Moran Mar Ignatius Yacob II, Patriarche syrien d&rsquo;Antioche, qui le 12 F\u00e9vrier1865, consacr\u00e9e:<br>Joseph Pulikottil, Mar Dio&nbsp;nysios V, m\u00e9tropolite de la Mala&nbsp;Nkara \u00c9glise orthodoxe syrienne, qui le Juillet 29, 1889, consacr\u00e9e:<br>Antonio Francisco Xaves da Alvarez, Mar Julius, Archev\u00eaque du malankare&nbsp;orthodoxe \u00c9glise syrienne au Ceylan, Goa et l&rsquo;Inde, qui, le 29 mai 1892, consacr\u00e9e:<br>Joseph Ren\u00e9 Vilatte, Mar Timotheus I, Archev\u00eaque de l\u2019Am\u00e9rique du Nord qui le 6 mai 1900 consacre :<br>Paolo Miraglia Guilotti \u00c9v\u00eaque de Piancenza, qui le 4 d\u00e9cembre 1904 consacre :<br>Mar Julius, qui le 4 juin 1911 consacre :<br>Mar Louis Archev\u00eaque d\u2019Almyre, qui le 28 d\u00e9cembre 1921 consacre :<br>Mar Petrus, qui le 9 juin 1924 consacre :<br>Mar Thimotheus II Tiessen, qui le 7 avril 1949 consacre :<br>Mar Justinius pour l\u2019Eparchie Orthodoxe d\u2019Aquilea, qui le 25 janvier 1953 consacre :<br>Mar Joannes Maria Bloom Van Assendelft Archev\u00eaque pour les Gaules \u00e9lu Patriarche par le Saint Synode le 1 d\u00e9cembre 1957 consacre :<br>Joannes Maria Taddei Archev\u00eaque Primat d\u2019Italie qui le 15 octobre 1961 consacre :<br>Goffrege Angelo Balostro \u00c9v\u00eaque Vicaire Primatial d\u2019Italie, qui en 1971 consacre :<br>Mar Boris Le Mage Timochenko Visiteur Apostolique \u00e9lu 2\u00b0 Patriarche la m\u00eame ann\u00e9e par le Saint Synode en remplacement de Joannes Van Assendelft d\u00e9missionnaire, est couronn\u00e9 le 29 septembre 1971.<\/p>\n","protected":false},"excerpt":{"rendered":"<p>SYRIENNE-MALANKAR L&rsquo;ap\u00f4tre saint Thomas et les indig\u00e8nes indiens premier christianisme pr\u00each\u00e9 en Inde \u00c9glise a \u00e9t\u00e9 appel\u00e9 \u00ab\u00a0Le Chris&nbsp;Chr\u00e9tiens de Saint-Thomas \u00ab\u00a0.\u00catre avec un \u00e9v\u00eaque, le Saint Thomas Christians SECE&nbsp;de dans certains num\u00e9ros en 1665 et se sont plac\u00e9es sous la juridiction du Patriarcat orthodoxe syrien d&rsquo;&nbsp;Antioche .L&rsquo;origine de qui est donn\u00e9e dans le tableau &hellip; <\/p>\n<p class=\"link-more\"><a href=\"https:\/\/eglise-orthodoxe-autocephale-syro-antiochienne.eu\/?page_id=297\" class=\"more-link\">Continuer la lecture<span class=\"screen-reader-text\"> de &laquo;&nbsp;SUCCESSION APOSTOLIQUE SYRIENNE MALANKAR&nbsp;&raquo;<\/span><\/a><\/p>\n","protected":false},"author":2,"featured_media":0,"parent":0,"menu_order":0,"comment_status":"closed","ping_status":"closed","template":"","meta":{"footnotes":""},"class_list":["post-297","page","type-page","status-publish","hentry"],"_links":{"self":[{"href":"https:\/\/eglise-orthodoxe-autocephale-syro-antiochienne.eu\/index.php?rest_route=\/wp\/v2\/pages\/297","targetHints":{"allow":["GET"]}}],"collection":[{"href":"https:\/\/eglise-orthodoxe-autocephale-syro-antiochienne.eu\/index.php?rest_route=\/wp\/v2\/pages"}],"about":[{"href":"https:\/\/eglise-orthodoxe-autocephale-syro-antiochienne.eu\/index.php?rest_route=\/wp\/v2\/types\/page"}],"author":[{"embeddable":true,"href":"https:\/\/eglise-orthodoxe-autocephale-syro-antiochienne.eu\/index.php?rest_route=\/wp\/v2\/users\/2"}],"replies":[{"embeddable":true,"href":"https:\/\/eglise-orthodoxe-autocephale-syro-antiochienne.eu\/index.php?rest_route=%2Fwp%2Fv2%2Fcomments&post=297"}],"version-history":[{"count":1,"href":"https:\/\/eglise-orthodoxe-autocephale-syro-antiochienne.eu\/index.php?rest_route=\/wp\/v2\/pages\/297\/revisions"}],"predecessor-version":[{"id":298,"href":"https:\/\/eglise-orthodoxe-autocephale-syro-antiochienne.eu\/index.php?rest_route=\/wp\/v2\/pages\/297\/revisions\/298"}],"wp:attachment":[{"href":"https:\/\/eglise-orthodoxe-autocephale-syro-antiochienne.eu\/index.php?rest_route=%2Fwp%2Fv2%2Fmedia&parent=297"}],"curies":[{"name":"wp","href":"https:\/\/api.w.org\/{rel}","templated":true}]}}