{"id":616,"date":"2022-05-30T18:07:40","date_gmt":"2022-05-30T16:07:40","guid":{"rendered":"https:\/\/eglise-orthodoxe-autocephale-syro-antiochienne.eu\/?page_id=616"},"modified":"2024-11-19T23:05:50","modified_gmt":"2024-11-19T22:05:50","slug":"liste-de-notre-clerge","status":"publish","type":"page","link":"https:\/\/eglise-orthodoxe-autocephale-syro-antiochienne.eu\/?page_id=616","title":{"rendered":"LISTE DU CLERG\u00c9S DANS LE MONDE ET D\u00c9CRET DE D\u00c9POSITION"},"content":{"rendered":"\n<p class=\"has-text-align-center\"><\/p>\n\n\n\n<p class=\"has-text-align-center\"><strong>FRANCE<\/strong><\/p>\n\n\n\n<p class=\"has-text-align-center\">                           PAROISSE ORTHODOXE DE LA TH\u00c9OPHANIE  11 100 NARBONNE             <\/p>\n\n\n\n<p class=\"has-text-align-center\">ORATOIRE ORTHODOXE SAINT JACQUES BARADA\u00cf  11 100 NARBONNE<\/p>\n\n\n\n<p class=\"has-text-align-center\">                                        DIVINE LITURGIE SAINT JEAN CHRYSOSTOME<\/p>\n\n\n\n<p>Adresse courrier : mgr.dominique.maio@gmail.com<\/p>\n\n\n<div class=\"wp-block-image\">\n<figure class=\"aligncenter size-large is-resized\"><img loading=\"lazy\" decoding=\"async\" width=\"659\" height=\"1024\" src=\"https:\/\/eglise-orthodoxe-autocephale-syro-antiochienne.eu\/wp-content\/uploads\/2024\/01\/IMG-20240105-WA0004-659x1024.jpg\" alt=\"\" class=\"wp-image-840\" style=\"width:254px;height:auto\" srcset=\"https:\/\/eglise-orthodoxe-autocephale-syro-antiochienne.eu\/wp-content\/uploads\/2024\/01\/IMG-20240105-WA0004-659x1024.jpg 659w, https:\/\/eglise-orthodoxe-autocephale-syro-antiochienne.eu\/wp-content\/uploads\/2024\/01\/IMG-20240105-WA0004-193x300.jpg 193w, https:\/\/eglise-orthodoxe-autocephale-syro-antiochienne.eu\/wp-content\/uploads\/2024\/01\/IMG-20240105-WA0004-768x1194.jpg 768w, https:\/\/eglise-orthodoxe-autocephale-syro-antiochienne.eu\/wp-content\/uploads\/2024\/01\/IMG-20240105-WA0004.jpg 930w\" sizes=\"auto, (max-width: 659px) 100vw, 659px\" \/><figcaption class=\"wp-element-caption\"><strong>Mgr DOMINIQUE MAIO<\/strong><br><strong>EXARQUE DE FRANCE &#8211; AFRIQUE<\/strong><\/figcaption><\/figure>\n<\/div>\n\n\n<p class=\"has-text-align-center\">                                                                                   <strong>CAMEROUN<\/strong>   <\/p>\n\n\n\n<p class=\"has-text-align-center\">                                                                                         DIVINE LITURGIE SAINT GERMAIN DE PARIS<\/p>\n\n\n<div class=\"wp-block-image\">\n<figure class=\"aligncenter size-large is-resized\"><img loading=\"lazy\" decoding=\"async\" width=\"833\" height=\"1024\" src=\"https:\/\/eglise-orthodoxe-autocephale-syro-antiochienne.eu\/wp-content\/uploads\/2024\/02\/CLERGE-CAM-1-833x1024.jpg\" alt=\"\" class=\"wp-image-850\" style=\"width:290px;height:auto\" srcset=\"https:\/\/eglise-orthodoxe-autocephale-syro-antiochienne.eu\/wp-content\/uploads\/2024\/02\/CLERGE-CAM-1-833x1024.jpg 833w, https:\/\/eglise-orthodoxe-autocephale-syro-antiochienne.eu\/wp-content\/uploads\/2024\/02\/CLERGE-CAM-1-244x300.jpg 244w, https:\/\/eglise-orthodoxe-autocephale-syro-antiochienne.eu\/wp-content\/uploads\/2024\/02\/CLERGE-CAM-1-768x945.jpg 768w, https:\/\/eglise-orthodoxe-autocephale-syro-antiochienne.eu\/wp-content\/uploads\/2024\/02\/CLERGE-CAM-1.jpg 1096w\" sizes=\"auto, (max-width: 767px) 89vw, (max-width: 1000px) 54vw, (max-width: 1071px) 543px, 580px\" \/><\/figure>\n<\/div>\n\n<div class=\"wp-block-image\">\n<figure class=\"aligncenter size-large is-resized\"><img loading=\"lazy\" decoding=\"async\" width=\"671\" height=\"1024\" src=\"https:\/\/eglise-orthodoxe-autocephale-syro-antiochienne.eu\/wp-content\/uploads\/2024\/02\/CLERGE-CAM-2-671x1024.jpg\" alt=\"\" class=\"wp-image-852\" style=\"width:257px;height:auto\" srcset=\"https:\/\/eglise-orthodoxe-autocephale-syro-antiochienne.eu\/wp-content\/uploads\/2024\/02\/CLERGE-CAM-2-671x1024.jpg 671w, https:\/\/eglise-orthodoxe-autocephale-syro-antiochienne.eu\/wp-content\/uploads\/2024\/02\/CLERGE-CAM-2-196x300.jpg 196w, https:\/\/eglise-orthodoxe-autocephale-syro-antiochienne.eu\/wp-content\/uploads\/2024\/02\/CLERGE-CAM-2-768x1173.jpg 768w, https:\/\/eglise-orthodoxe-autocephale-syro-antiochienne.eu\/wp-content\/uploads\/2024\/02\/CLERGE-CAM-2.jpg 956w\" sizes=\"auto, (max-width: 671px) 100vw, 671px\" \/><\/figure>\n<\/div>\n\n<div class=\"wp-block-image\">\n<figure class=\"aligncenter size-large is-resized\"><img loading=\"lazy\" decoding=\"async\" width=\"724\" height=\"1024\" src=\"https:\/\/eglise-orthodoxe-autocephale-syro-antiochienne.eu\/wp-content\/uploads\/2024\/02\/CLERGE-CAM-3-724x1024.jpg\" alt=\"\" class=\"wp-image-854\" style=\"width:617px;height:auto\" srcset=\"https:\/\/eglise-orthodoxe-autocephale-syro-antiochienne.eu\/wp-content\/uploads\/2024\/02\/CLERGE-CAM-3-724x1024.jpg 724w, https:\/\/eglise-orthodoxe-autocephale-syro-antiochienne.eu\/wp-content\/uploads\/2024\/02\/CLERGE-CAM-3-212x300.jpg 212w, https:\/\/eglise-orthodoxe-autocephale-syro-antiochienne.eu\/wp-content\/uploads\/2024\/02\/CLERGE-CAM-3-768x1086.jpg 768w, https:\/\/eglise-orthodoxe-autocephale-syro-antiochienne.eu\/wp-content\/uploads\/2024\/02\/CLERGE-CAM-3-1087x1536.jpg 1087w, https:\/\/eglise-orthodoxe-autocephale-syro-antiochienne.eu\/wp-content\/uploads\/2024\/02\/CLERGE-CAM-3-1449x2048.jpg 1449w, https:\/\/eglise-orthodoxe-autocephale-syro-antiochienne.eu\/wp-content\/uploads\/2024\/02\/CLERGE-CAM-3.jpg 1654w\" sizes=\"auto, (max-width: 724px) 100vw, 724px\" \/><\/figure>\n<\/div>\n\n<div class=\"wp-block-image\">\n<figure class=\"aligncenter size-large is-resized\"><img loading=\"lazy\" decoding=\"async\" width=\"760\" height=\"1024\" src=\"https:\/\/eglise-orthodoxe-autocephale-syro-antiochienne.eu\/wp-content\/uploads\/2024\/02\/CLERGE-CAM-4-760x1024.jpg\" alt=\"\" class=\"wp-image-856\" style=\"width:362px;height:auto\" srcset=\"https:\/\/eglise-orthodoxe-autocephale-syro-antiochienne.eu\/wp-content\/uploads\/2024\/02\/CLERGE-CAM-4-760x1024.jpg 760w, https:\/\/eglise-orthodoxe-autocephale-syro-antiochienne.eu\/wp-content\/uploads\/2024\/02\/CLERGE-CAM-4-223x300.jpg 223w, https:\/\/eglise-orthodoxe-autocephale-syro-antiochienne.eu\/wp-content\/uploads\/2024\/02\/CLERGE-CAM-4-768x1035.jpg 768w, https:\/\/eglise-orthodoxe-autocephale-syro-antiochienne.eu\/wp-content\/uploads\/2024\/02\/CLERGE-CAM-4.jpg 1104w\" sizes=\"auto, (max-width: 706px) 89vw, (max-width: 767px) 82vw, 740px\" \/><\/figure>\n<\/div>\n\n<div class=\"wp-block-image\">\n<figure class=\"aligncenter size-large is-resized\"><img loading=\"lazy\" decoding=\"async\" width=\"780\" height=\"1024\" src=\"https:\/\/eglise-orthodoxe-autocephale-syro-antiochienne.eu\/wp-content\/uploads\/2024\/02\/CLERGE-CAM-5-780x1024.jpg\" alt=\"\" class=\"wp-image-859\" style=\"width:384px;height:auto\" srcset=\"https:\/\/eglise-orthodoxe-autocephale-syro-antiochienne.eu\/wp-content\/uploads\/2024\/02\/CLERGE-CAM-5-780x1024.jpg 780w, https:\/\/eglise-orthodoxe-autocephale-syro-antiochienne.eu\/wp-content\/uploads\/2024\/02\/CLERGE-CAM-5-229x300.jpg 229w, https:\/\/eglise-orthodoxe-autocephale-syro-antiochienne.eu\/wp-content\/uploads\/2024\/02\/CLERGE-CAM-5-768x1008.jpg 768w, https:\/\/eglise-orthodoxe-autocephale-syro-antiochienne.eu\/wp-content\/uploads\/2024\/02\/CLERGE-CAM-5-1170x1536.jpg 1170w, https:\/\/eglise-orthodoxe-autocephale-syro-antiochienne.eu\/wp-content\/uploads\/2024\/02\/CLERGE-CAM-5.jpg 1200w\" sizes=\"auto, (max-width: 767px) 89vw, (max-width: 1000px) 54vw, (max-width: 1071px) 543px, 580px\" \/><\/figure>\n<\/div>\n\n\n<p class=\"has-text-align-center\"><strong>GABON<\/strong><\/p>\n\n\n\n<p class=\"has-text-align-center\">DIVINE LITURGIE SAINT GERMAIN DE PARIS<\/p>\n\n\n<div class=\"wp-block-image\">\n<figure class=\"aligncenter size-large is-resized\"><img loading=\"lazy\" decoding=\"async\" width=\"472\" height=\"1024\" src=\"https:\/\/eglise-orthodoxe-autocephale-syro-antiochienne.eu\/wp-content\/uploads\/2024\/02\/IMG-20221226-WA0005-472x1024.jpg\" alt=\"\" class=\"wp-image-871\" style=\"width:220px;height:auto\" srcset=\"https:\/\/eglise-orthodoxe-autocephale-syro-antiochienne.eu\/wp-content\/uploads\/2024\/02\/IMG-20221226-WA0005-472x1024.jpg 472w, https:\/\/eglise-orthodoxe-autocephale-syro-antiochienne.eu\/wp-content\/uploads\/2024\/02\/IMG-20221226-WA0005-138x300.jpg 138w, https:\/\/eglise-orthodoxe-autocephale-syro-antiochienne.eu\/wp-content\/uploads\/2024\/02\/IMG-20221226-WA0005.jpg 590w\" sizes=\"auto, (max-width: 472px) 100vw, 472px\" \/><figcaption class=\"wp-element-caption\"><strong>Mgr HERVE MITROPHORE SUP\u00c9RIEUR DE LA MISSION ORTHODOXE POUR L&rsquo;UNION DES CHR\u00c9TIENS GABON<\/strong><\/figcaption><\/figure>\n<\/div>\n\n\n<p class=\"has-text-align-center\"><strong>R\u00c9PUBLIQUE CENTRAFRICAINE<\/strong><\/p>\n\n\n\n<p class=\"has-text-align-center\">DIVINE LITURGIE SAINT GERMAINS DE PARIS<\/p>\n\n\n<div class=\"wp-block-image\">\n<figure class=\"aligncenter size-full is-resized\"><img loading=\"lazy\" decoding=\"async\" width=\"450\" height=\"1000\" src=\"https:\/\/eglise-orthodoxe-autocephale-syro-antiochienne.eu\/wp-content\/uploads\/2024\/02\/IMG-20230511-WA0013.jpg\" alt=\"\" class=\"wp-image-874\" style=\"width:232px;height:auto\" srcset=\"https:\/\/eglise-orthodoxe-autocephale-syro-antiochienne.eu\/wp-content\/uploads\/2024\/02\/IMG-20230511-WA0013.jpg 450w, https:\/\/eglise-orthodoxe-autocephale-syro-antiochienne.eu\/wp-content\/uploads\/2024\/02\/IMG-20230511-WA0013-135x300.jpg 135w\" sizes=\"auto, (max-width: 450px) 100vw, 450px\" \/><figcaption class=\"wp-element-caption\"><strong>P\u00c8RE SAINT CYR ROMARIC MANGUISSI                                       PR\u00caTRE  RECTEUR                                     SUP\u00c9RIEUR DE LA MISSION ORTHODOXE POUR L&rsquo;UNION DES CHR\u00c9TIENS                                                                    R\u00c9PUBLIQUE CENTRAFRICAINE<\/strong><\/figcaption><\/figure>\n<\/div>\n\n\n<p class=\"has-text-align-center\"><strong>D\u00c9CRET DE<\/strong> <strong>D\u00c9POSITION<\/strong><\/p>\n","protected":false},"excerpt":{"rendered":"<p>FRANCE PAROISSE ORTHODOXE DE LA TH\u00c9OPHANIE 11 100 NARBONNE ORATOIRE ORTHODOXE SAINT JACQUES BARADA\u00cf 11 100 NARBONNE DIVINE LITURGIE SAINT JEAN CHRYSOSTOME Adresse courrier : mgr.dominique.maio@gmail.com CAMEROUN DIVINE LITURGIE SAINT GERMAIN DE PARIS GABON DIVINE LITURGIE SAINT GERMAIN DE PARIS R\u00c9PUBLIQUE CENTRAFRICAINE DIVINE LITURGIE SAINT GERMAINS DE PARIS D\u00c9CRET DE D\u00c9POSITION<\/p>\n","protected":false},"author":1,"featured_media":0,"parent":0,"menu_order":0,"comment_status":"closed","ping_status":"closed","template":"","meta":{"footnotes":""},"class_list":["post-616","page","type-page","status-publish","hentry"],"_links":{"self":[{"href":"https:\/\/eglise-orthodoxe-autocephale-syro-antiochienne.eu\/index.php?rest_route=\/wp\/v2\/pages\/616","targetHints":{"allow":["GET"]}}],"collection":[{"href":"https:\/\/eglise-orthodoxe-autocephale-syro-antiochienne.eu\/index.php?rest_route=\/wp\/v2\/pages"}],"about":[{"href":"https:\/\/eglise-orthodoxe-autocephale-syro-antiochienne.eu\/index.php?rest_route=\/wp\/v2\/types\/page"}],"author":[{"embeddable":true,"href":"https:\/\/eglise-orthodoxe-autocephale-syro-antiochienne.eu\/index.php?rest_route=\/wp\/v2\/users\/1"}],"replies":[{"embeddable":true,"href":"https:\/\/eglise-orthodoxe-autocephale-syro-antiochienne.eu\/index.php?rest_route=%2Fwp%2Fv2%2Fcomments&post=616"}],"version-history":[{"count":23,"href":"https:\/\/eglise-orthodoxe-autocephale-syro-antiochienne.eu\/index.php?rest_route=\/wp\/v2\/pages\/616\/revisions"}],"predecessor-version":[{"id":893,"href":"https:\/\/eglise-orthodoxe-autocephale-syro-antiochienne.eu\/index.php?rest_route=\/wp\/v2\/pages\/616\/revisions\/893"}],"wp:attachment":[{"href":"https:\/\/eglise-orthodoxe-autocephale-syro-antiochienne.eu\/index.php?rest_route=%2Fwp%2Fv2%2Fmedia&parent=616"}],"curies":[{"name":"wp","href":"https:\/\/api.w.org\/{rel}","templated":true}]}}