{"id":99,"date":"2021-02-21T16:17:59","date_gmt":"2021-02-21T15:17:59","guid":{"rendered":"https:\/\/eglise-orthodoxe-autocephale-syro-antiochienne.eu\/?page_id=99"},"modified":"2021-03-27T21:07:34","modified_gmt":"2021-03-27T20:07:34","slug":"ques-ce-que-leglise-orthodoxe","status":"publish","type":"page","link":"https:\/\/eglise-orthodoxe-autocephale-syro-antiochienne.eu\/?page_id=99","title":{"rendered":"QU&rsquo;ES CE QUE L&rsquo;EGLISE ORTHODOXE"},"content":{"rendered":"\n<p>Eglises Chr\u00e9tiennes d&rsquo;Orient qui n&rsquo;admettent pas l\u2019autorit\u00e9 de Rome dont elles se sont s\u00e9par\u00e9es en 1054.<br>Sait-on que les toutes premi\u00e8res \u00e9glises furent \u00e9lev\u00e9es en Arm\u00e9nie, pays officiellement chr\u00e9tien des avant l&rsquo;an 300.<br>En Gr\u00e8ce comme en Turquie, en Roumanie comme en Russie, on ne compte pas les \u00e9glises de paroisses et de monast\u00e8res : elles sont foules !<br>Le plan adopte est souvent celui de la croix grecque, aux quatre bras \u00e9gaux<br>symbolisant les quatre points cardinaux. &lsquo;<br>Au-dessus, une coupole indique la dimension verticale : ainsi la croix du Christ unit le monde entier au P\u00e8re des cieux.<br>Une caract\u00e9ristique des \u00e9glises orthodoxes : l&rsquo;Iconostase.<br>II s&rsquo;agit de la cloison qui s\u00e9pare l&rsquo;autel de la nef et qui est recouvert d\u2019Ic\u00f4nes (images saintes).<br>L&rsquo; assembl\u00e9e entend mais, ne voit pas les c\u00e9l\u00e9brants, au moment solennel de la cons\u00e9cration du pain et du vin.<br>Les orthodoxes privil\u00e9gient ainsi Le caract\u00e8re sacr\u00e9 de l&rsquo;Eucharistie.<br>200 millions de fid\u00e8les, surtout pr\u00e9sent en Gr\u00e8ce, au Moyen-Orient, en Europe de l&rsquo;Est et la ou des exiles de ces pays constituent des communaut\u00e9s. Chacune des 15 Eglises, pr\u00e9sid\u00e9e par un Patriarche est autonome (Autoc\u00e9phale).<br>Le patriarche de Constantinople est le premier d&rsquo;entre eux, mais n&rsquo;a pas d\u2019autorit\u00e9 sur les autres.<br>Les orthodoxes se distinguent surtout par la beaut\u00e9 des ic\u00f4nes, par la beaut\u00e9 des liturgies et par l&rsquo;influence des monast\u00e8res.<\/p>\n\n\n\n<figure class=\"wp-block-image size-large is-resized\"><img loading=\"lazy\" decoding=\"async\" src=\"https:\/\/eglise-orthodoxe-autocephale-syro-antiochienne.eu\/wp-content\/uploads\/2021\/02\/en-tete-1024x680.jpg\" alt=\"\" class=\"wp-image-30\" width=\"1044\" height=\"693\" srcset=\"https:\/\/eglise-orthodoxe-autocephale-syro-antiochienne.eu\/wp-content\/uploads\/2021\/02\/en-tete-1024x680.jpg 1024w, https:\/\/eglise-orthodoxe-autocephale-syro-antiochienne.eu\/wp-content\/uploads\/2021\/02\/en-tete-300x199.jpg 300w, https:\/\/eglise-orthodoxe-autocephale-syro-antiochienne.eu\/wp-content\/uploads\/2021\/02\/en-tete-768x510.jpg 768w, https:\/\/eglise-orthodoxe-autocephale-syro-antiochienne.eu\/wp-content\/uploads\/2021\/02\/en-tete-1536x1020.jpg 1536w, https:\/\/eglise-orthodoxe-autocephale-syro-antiochienne.eu\/wp-content\/uploads\/2021\/02\/en-tete-2048x1360.jpg 2048w\" sizes=\"auto, (max-width: 767px) 89vw, (max-width: 1000px) 54vw, (max-width: 1071px) 543px, 580px\" \/><\/figure>\n","protected":false},"excerpt":{"rendered":"<p>Eglises Chr\u00e9tiennes d&rsquo;Orient qui n&rsquo;admettent pas l\u2019autorit\u00e9 de Rome dont elles se sont s\u00e9par\u00e9es en 1054.Sait-on que les toutes premi\u00e8res \u00e9glises furent \u00e9lev\u00e9es en Arm\u00e9nie, pays officiellement chr\u00e9tien des avant l&rsquo;an 300.En Gr\u00e8ce comme en Turquie, en Roumanie comme en Russie, on ne compte pas les \u00e9glises de paroisses et de monast\u00e8res : elles sont &hellip; <\/p>\n<p class=\"link-more\"><a href=\"https:\/\/eglise-orthodoxe-autocephale-syro-antiochienne.eu\/?page_id=99\" class=\"more-link\">Continuer la lecture<span class=\"screen-reader-text\"> de &laquo;&nbsp;QU&rsquo;ES CE QUE L&rsquo;EGLISE ORTHODOXE&nbsp;&raquo;<\/span><\/a><\/p>\n","protected":false},"author":2,"featured_media":0,"parent":0,"menu_order":0,"comment_status":"closed","ping_status":"closed","template":"","meta":{"footnotes":""},"class_list":["post-99","page","type-page","status-publish","hentry"],"_links":{"self":[{"href":"https:\/\/eglise-orthodoxe-autocephale-syro-antiochienne.eu\/index.php?rest_route=\/wp\/v2\/pages\/99","targetHints":{"allow":["GET"]}}],"collection":[{"href":"https:\/\/eglise-orthodoxe-autocephale-syro-antiochienne.eu\/index.php?rest_route=\/wp\/v2\/pages"}],"about":[{"href":"https:\/\/eglise-orthodoxe-autocephale-syro-antiochienne.eu\/index.php?rest_route=\/wp\/v2\/types\/page"}],"author":[{"embeddable":true,"href":"https:\/\/eglise-orthodoxe-autocephale-syro-antiochienne.eu\/index.php?rest_route=\/wp\/v2\/users\/2"}],"replies":[{"embeddable":true,"href":"https:\/\/eglise-orthodoxe-autocephale-syro-antiochienne.eu\/index.php?rest_route=%2Fwp%2Fv2%2Fcomments&post=99"}],"version-history":[{"count":3,"href":"https:\/\/eglise-orthodoxe-autocephale-syro-antiochienne.eu\/index.php?rest_route=\/wp\/v2\/pages\/99\/revisions"}],"predecessor-version":[{"id":447,"href":"https:\/\/eglise-orthodoxe-autocephale-syro-antiochienne.eu\/index.php?rest_route=\/wp\/v2\/pages\/99\/revisions\/447"}],"wp:attachment":[{"href":"https:\/\/eglise-orthodoxe-autocephale-syro-antiochienne.eu\/index.php?rest_route=%2Fwp%2Fv2%2Fmedia&parent=99"}],"curies":[{"name":"wp","href":"https:\/\/api.w.org\/{rel}","templated":true}]}}